
{"id":1145,"date":"2025-05-11T14:57:29","date_gmt":"2025-05-11T06:57:29","guid":{"rendered":"https:https:\/\/www.rippa-machinery.com\/\/?post_type=product&#038;p=1145"},"modified":"2025-05-11T14:46:50","modified_gmt":"2025-05-11T06:46:50","slug":"rl15-wheel-loader","status":"publish","type":"product","link":"https:\/\/rippa-machinery.com\/fr\/product\/rl15-wheel-loader\/","title":{"rendered":"Chargeuse sur pneus RL15"},"content":{"rendered":"<p>La chargeuse RL15 est devenue un choix id\u00e9al pour le commerce d'exportation gr\u00e2ce \u00e0 ses principaux arguments de vente tels que sa haute efficacit\u00e9 et son \u00e9conomie d'\u00e9nergie, sa compacit\u00e9 et sa flexibilit\u00e9, sa forte capacit\u00e9 de charge, sa simplicit\u00e9 d'utilisation et d'entretien, son large \u00e9ventail d'applications multifonctionnelles et ses faibles co\u00fbts d'exploitation.<\/p>\n<p><strong>Nous recrutons sinc\u00e8rement des agents internationaux :<\/strong><br \/>\nODM, OEM, personnalisable<br \/>\nDes remises sont accord\u00e9es pour les commandes en gros.<br \/>\nLe fabricant a des stocks et livre rapidement.<br \/>\nLe personnel du service client\u00e8le fournit des services en ligne 24 heures sur 24.<br \/>\nRemplissez vos informations, obtenez un devis et devenez notre agent !<\/p>\n<h1 class=\"pro-title\"><img decoding=\"async\" class=\"img-fluid\" src=\"https:\/\/www.rippa.com\/wp-content\/uploads\/2025\/01\/%E6%9C%AA%E6%A0%87%E9%A2%98-5.jpg\" alt=\"Chinese Mini Excavator-Loader-Rippa Forklift-Rippa Group\" \/><\/h1>\n<p>&nbsp;<\/p>","protected":false},"featured_media":1319,"parent":0,"template":"","meta":{"_acf_changed":false,"_seopress_robots_primary_cat":"none","_seopress_titles_title":"","_seopress_titles_desc":"","_seopress_robots_index":""},"categoryproduct":[23],"class_list":["post-1145","product","type-product","status-publish","has-post-thumbnail","hentry","categoryproduct-wheel-loader"],"acf":[],"_links":{"self":[{"href":"https:\/\/rippa-machinery.com\/fr\/wp-json\/wp\/v2\/product\/1145","targetHints":{"allow":["GET"]}}],"collection":[{"href":"https:\/\/rippa-machinery.com\/fr\/wp-json\/wp\/v2\/product"}],"about":[{"href":"https:\/\/rippa-machinery.com\/fr\/wp-json\/wp\/v2\/types\/product"}],"wp:featuredmedia":[{"embeddable":true,"href":"https:\/\/rippa-machinery.com\/fr\/wp-json\/wp\/v2\/media\/1319"}],"wp:attachment":[{"href":"https:\/\/rippa-machinery.com\/fr\/wp-json\/wp\/v2\/media?parent=1145"}],"wp:term":[{"taxonomy":"categoryproduct","embeddable":true,"href":"https:\/\/rippa-machinery.com\/fr\/wp-json\/wp\/v2\/categoryproduct?post=1145"}],"curies":[{"name":"wp","href":"https:\/\/api.w.org\/{rel}","templated":true}]}}