
{"id":414,"date":"2025-05-12T13:01:12","date_gmt":"2025-05-12T05:01:12","guid":{"rendered":"https:\/\/www.china-rippa.com\/?post_type=product&#038;p=414"},"modified":"2025-09-05T09:46:22","modified_gmt":"2025-09-05T01:46:22","slug":"mini-excavator-r18","status":"publish","type":"product","link":"https:\/\/rippa-machinery.com\/es\/product\/mini-excavator-r18\/","title":{"rendered":"Miniexcavadora de 1,8 toneladas R18"},"content":{"rendered":"<p><span style=\"font-size: 14pt;\"><img loading=\"lazy\" decoding=\"async\" class=\"alignnone wp-image-391 size-full\" src=\"https:\/\/www.rippa-machinery.com\/\/wp-content\/uploads\/2024\/10\/CE.jpg\" alt=\"\" width=\"56\" height=\"29\" \/> <img loading=\"lazy\" decoding=\"async\" class=\"alignnone wp-image-392 size-full\" src=\"https:\/\/www.rippa-machinery.com\/\/wp-content\/uploads\/2024\/10\/EPA-4.jpg\" alt=\"\" width=\"56\" height=\"29\" \/> <img loading=\"lazy\" decoding=\"async\" class=\"alignnone wp-image-393 size-full\" src=\"https:\/\/www.rippa-machinery.com\/\/wp-content\/uploads\/2024\/10\/\u6b27\u4e94.jpg\" alt=\"\" width=\"56\" height=\"29\" \/><\/span><\/p>\n<p>En\u00a0<strong data-start=\"962\" data-end=\"990\">Miniexcavadora RIPPA R18<\/strong>\u00a0es una excavadora compacta de 1,8 toneladas dise\u00f1ada para ofrecer eficiencia, flexibilidad y durabilidad en proyectos de construcci\u00f3n peque\u00f1os y medianos. Equipada con un\u00a0<strong data-start=\"1133\" data-end=\"1173\">Motor Kubota D902 (18,5 kW \/ 25 CV)<\/strong>garantiza la estabilidad de la potencia y la eficiencia del combustible. El avanzado\u00a0<strong data-start=\"1240\" data-end=\"1263\">bomba de engranajes \u00d73 sistema<\/strong>\u00a0proporciona un fuerte rendimiento hidr\u00e1ulico con un caudal m\u00e1ximo de\u00a0<strong data-start=\"1330\" data-end=\"1344\">40,1 L\/min<\/strong>por lo que es adecuada para tareas de excavaci\u00f3n, zanjeo y paisajismo.<\/p>\n<p><span style=\"font-size: 14pt;\"><strong>Contrataci\u00f3n de agentes en todo el mundo:<\/strong><\/span><br \/>\n<span style=\"font-size: 14pt;\">ODM, OEM, personalizable<\/span><br \/>\n<span style=\"font-size: 14pt;\">Precios reducidos para pedidos al por mayor.<\/span><br \/>\n<span style=\"font-size: 14pt;\">Los fabricantes disponen de existencias y realizan entregas r\u00e1pidas.<\/span><br \/>\n<span style=\"font-size: 14pt;\">El personal de atenci\u00f3n al cliente est\u00e1 en l\u00ednea 24 horas al d\u00eda para prestar servicios.<\/span><br \/>\n<span style=\"font-size: 14pt;\">Rellene los datos, obtenga un presupuesto y convi\u00e9rtase en nuestro agente.<\/span><\/p>","protected":false},"featured_media":1457,"parent":0,"template":"","meta":{"_acf_changed":false,"_seopress_robots_primary_cat":"none","_seopress_titles_title":"Mini Excavator R18-mini excavator tracks","_seopress_titles_desc":"The advantages of the R18 small excavator in terms of performance, operation, comfort, safety, energy saving and humanized design will help attract the attention of potential customers in export trade.","_seopress_robots_index":""},"categoryproduct":[20],"class_list":["post-414","product","type-product","status-publish","has-post-thumbnail","hentry","categoryproduct-mini-excavator"],"acf":[],"_links":{"self":[{"href":"https:\/\/rippa-machinery.com\/es\/wp-json\/wp\/v2\/product\/414","targetHints":{"allow":["GET"]}}],"collection":[{"href":"https:\/\/rippa-machinery.com\/es\/wp-json\/wp\/v2\/product"}],"about":[{"href":"https:\/\/rippa-machinery.com\/es\/wp-json\/wp\/v2\/types\/product"}],"wp:featuredmedia":[{"embeddable":true,"href":"https:\/\/rippa-machinery.com\/es\/wp-json\/wp\/v2\/media\/1457"}],"wp:attachment":[{"href":"https:\/\/rippa-machinery.com\/es\/wp-json\/wp\/v2\/media?parent=414"}],"wp:term":[{"taxonomy":"categoryproduct","embeddable":true,"href":"https:\/\/rippa-machinery.com\/es\/wp-json\/wp\/v2\/categoryproduct?post=414"}],"curies":[{"name":"wp","href":"https:\/\/api.w.org\/{rel}","templated":true}]}}