
{"id":984,"date":"2025-05-07T10:29:32","date_gmt":"2025-05-07T02:29:32","guid":{"rendered":"https:https:\/\/www.rippa-machinery.com\/\/?post_type=product&#038;p=984"},"modified":"2025-05-11T14:38:38","modified_gmt":"2025-05-11T06:38:38","slug":"r90-small-excavator","status":"publish","type":"product","link":"https:\/\/rippa-machinery.com\/de\/product\/r90-small-excavator\/","title":{"rendered":"R90 Kleinbagger"},"content":{"rendered":"<p><img loading=\"lazy\" decoding=\"async\" class=\"alignnone size-full wp-image-588\" src=\"https:\/\/www.rippa-machinery.com\/\/wp-content\/uploads\/2025\/03\/2.png\" alt=\"\" width=\"56\" height=\"29\" srcset=\"https:\/\/rippa-machinery.com\/wp-content\/uploads\/2025\/03\/2.png 56w, https:\/\/rippa-machinery.com\/wp-content\/uploads\/2025\/03\/2-18x9.png 18w\" sizes=\"auto, (max-width: 56px) 100vw, 56px\" \/><img loading=\"lazy\" decoding=\"async\" class=\"alignnone size-full wp-image-587\" src=\"https:\/\/www.rippa-machinery.com\/\/wp-content\/uploads\/2025\/03\/3.png\" alt=\"\" width=\"56\" height=\"29\" srcset=\"https:\/\/rippa-machinery.com\/wp-content\/uploads\/2025\/03\/3.png 56w, https:\/\/rippa-machinery.com\/wp-content\/uploads\/2025\/03\/3-18x9.png 18w\" sizes=\"auto, (max-width: 56px) 100vw, 56px\" \/><\/p>\n<p>Der R90-Bagger hat sich mit seinem energieeffizienten Motor, dem fortschrittlichen elektronisch gesteuerten Hydrauliksystem, der verbesserten Konstruktion, der komfortablen Fahrumgebung, dem bequemen Wartungssystem, den hervorragenden Leistungsparametern und der Markenst\u00e4rke zu einem wettbewerbsf\u00e4higen Kernprodukt f\u00fcr den Export entwickelt.<\/p>\n<p><strong>Mit freundlichen Gr\u00fc\u00dfen, die weltweit Agenten anwerben:<\/strong><br \/>\nODM, OEM, anpassbar<br \/>\nF\u00fcr Gro\u00dfhandelsbestellungen werden Rabatte gew\u00e4hrt.<br \/>\nDie Hersteller haben Lagerbest\u00e4nde und liefern schnell.<br \/>\nDie Mitarbeiter des Kundendienstes sind 24 Stunden am Tag online.<br \/>\nF\u00fcllen Sie Informationen aus, holen Sie ein Angebot ein und werden Sie unser Agent!<\/p>","protected":false},"featured_media":988,"parent":0,"template":"","meta":{"_acf_changed":false,"_seopress_robots_primary_cat":"none","_seopress_titles_title":"","_seopress_titles_desc":"","_seopress_robots_index":""},"categoryproduct":[21],"class_list":["post-984","product","type-product","status-publish","has-post-thumbnail","hentry","categoryproduct-large-excavator"],"acf":[],"_links":{"self":[{"href":"https:\/\/rippa-machinery.com\/de\/wp-json\/wp\/v2\/product\/984","targetHints":{"allow":["GET"]}}],"collection":[{"href":"https:\/\/rippa-machinery.com\/de\/wp-json\/wp\/v2\/product"}],"about":[{"href":"https:\/\/rippa-machinery.com\/de\/wp-json\/wp\/v2\/types\/product"}],"wp:featuredmedia":[{"embeddable":true,"href":"https:\/\/rippa-machinery.com\/de\/wp-json\/wp\/v2\/media\/988"}],"wp:attachment":[{"href":"https:\/\/rippa-machinery.com\/de\/wp-json\/wp\/v2\/media?parent=984"}],"wp:term":[{"taxonomy":"categoryproduct","embeddable":true,"href":"https:\/\/rippa-machinery.com\/de\/wp-json\/wp\/v2\/categoryproduct?post=984"}],"curies":[{"name":"wp","href":"https:\/\/api.w.org\/{rel}","templated":true}]}}