
{"id":1429,"date":"2025-05-12T13:08:29","date_gmt":"2025-05-12T05:08:29","guid":{"rendered":"https:\/\/www.rippa-machinery.com\/?post_type=product&#038;p=1429"},"modified":"2025-09-05T10:01:14","modified_gmt":"2025-09-05T02:01:14","slug":"mini-excavator-r13","status":"publish","type":"product","link":"https:\/\/rippa-machinery.com\/de\/product\/mini-excavator-r13\/","title":{"rendered":"Minibagger R13"},"content":{"rendered":"<p><img loading=\"lazy\" decoding=\"async\" class=\"alignnone size-full wp-image-1708\" src=\"https:\/\/www.rippa.com\/wp-content\/uploads\/2024\/09\/CE.jpg\" sizes=\"auto\" srcset=\"https:\/\/www.rippa.com\/wp-content\/uploads\/2024\/09\/CE.jpg 56w, https:\/\/www.rippa.com\/wp-content\/uploads\/2024\/09\/CE-18x9.jpg 18w\" alt=\"\" width=\"56\" height=\"29\" \/>\u00a0\u00a0<img loading=\"lazy\" decoding=\"async\" class=\"alignnone size-full wp-image-1709\" src=\"https:\/\/www.rippa.com\/wp-content\/uploads\/2024\/09\/EPA-4.jpg\" sizes=\"auto\" srcset=\"https:\/\/www.rippa.com\/wp-content\/uploads\/2024\/09\/EPA-4.jpg 56w, https:\/\/www.rippa.com\/wp-content\/uploads\/2024\/09\/EPA-4-18x9.jpg 18w\" alt=\"\" width=\"56\" height=\"29\" \/>\u00a0\u00a0<img loading=\"lazy\" decoding=\"async\" class=\"alignnone size-full wp-image-1710\" src=\"https:\/\/www.rippa.com\/wp-content\/uploads\/2024\/09\/%E6%AC%A7%E4%BA%94.jpg\" sizes=\"auto\" srcset=\"https:\/\/www.rippa.com\/wp-content\/uploads\/2024\/09\/\u6b27\u4e94.jpg 56w, https:\/\/www.rippa.com\/wp-content\/uploads\/2024\/09\/\u6b27\u4e94-18x9.jpg 18w\" alt=\"\" width=\"56\" height=\"29\" \/><\/p>\n<p>Der R13\u00a0<span class=\"wp_keywordlink\"><a title=\"Minibagger\" href=\"https:\/\/www.rippa.com\/\" target=\"_blank\" rel=\"noopener\">Minibagger<\/a><\/span>Mit seiner \u00fcberragenden Leistung, dem effizienten Hydrauliksystem, den hervorragenden Betriebsm\u00f6glichkeiten, der zuverl\u00e4ssigen und langlebigen Konstruktion, der komfortablen Bedienung, der einfachen Wartung und den international konformen Konfigurationen ist er eine ideale Wahl f\u00fcr den Export.<\/p>\n<p><strong>Globale Anwerbung von Vertretern:<\/strong><br \/>\nGeeignet f\u00fcr Unternehmen\/H\u00e4ndler, beginnend mit einer Einheit f\u00fcr \u00dcberseelager.<br \/>\nMa\u00dfgeschneidert f\u00fcr Bauprojekte, nicht f\u00fcr den Einzelhandel erh\u00e4ltlich.<br \/>\nDer Bestand befindet sich in einem Lager in Ihrer N\u00e4he, was eine schnelle Lieferung und ein umfangreiches Zubeh\u00f6rsortiment gew\u00e4hrleistet.<br \/>\nDer Kundendienst ist 24\/7 erreichbar.<br \/>\nGeben Sie Ihre Daten ein, erhalten Sie ein Angebot und werden Sie unser Vertreter!<\/p>","protected":false},"featured_media":1432,"parent":0,"template":"","meta":{"_acf_changed":false,"_seopress_robots_primary_cat":"none","_seopress_titles_title":"","_seopress_titles_desc":"","_seopress_robots_index":""},"categoryproduct":[20],"class_list":["post-1429","product","type-product","status-publish","has-post-thumbnail","hentry","categoryproduct-mini-excavator"],"acf":[],"_links":{"self":[{"href":"https:\/\/rippa-machinery.com\/de\/wp-json\/wp\/v2\/product\/1429","targetHints":{"allow":["GET"]}}],"collection":[{"href":"https:\/\/rippa-machinery.com\/de\/wp-json\/wp\/v2\/product"}],"about":[{"href":"https:\/\/rippa-machinery.com\/de\/wp-json\/wp\/v2\/types\/product"}],"wp:featuredmedia":[{"embeddable":true,"href":"https:\/\/rippa-machinery.com\/de\/wp-json\/wp\/v2\/media\/1432"}],"wp:attachment":[{"href":"https:\/\/rippa-machinery.com\/de\/wp-json\/wp\/v2\/media?parent=1429"}],"wp:term":[{"taxonomy":"categoryproduct","embeddable":true,"href":"https:\/\/rippa-machinery.com\/de\/wp-json\/wp\/v2\/categoryproduct?post=1429"}],"curies":[{"name":"wp","href":"https:\/\/api.w.org\/{rel}","templated":true}]}}