
{"id":1206,"date":"2025-05-11T14:49:20","date_gmt":"2025-05-11T06:49:20","guid":{"rendered":"https:https:\/\/www.rippa-machinery.com\/\/?post_type=product&#038;p=1206"},"modified":"2025-05-11T14:47:28","modified_gmt":"2025-05-11T06:47:28","slug":"rl50-wheel-loader","status":"publish","type":"product","link":"https:\/\/rippa-machinery.com\/de\/product\/rl50-wheel-loader\/","title":{"rendered":"RL50 Radlader"},"content":{"rendered":"<p>Der RIPPA RL50 Lader hat mit seiner hohen Leistung, Vielseitigkeit, einfachen Bedienung und Wartung, seinen hervorragenden Konstruktionsmerkmalen und seinem ausgezeichneten Preis-Leistungs-Verh\u00e4ltnis einen bedeutenden Wettbewerbsvorteil auf dem Ladermarkt.<\/p>\n<p><strong>Rekrutierung globaler Agenten:<\/strong><br \/>\nODM, OEM, anpassbar<br \/>\nF\u00fcr Gro\u00dfhandelsbestellungen werden Rabatte gew\u00e4hrt.<br \/>\nFabrikinventar und schnelle Lieferung.<br \/>\nDie Mitarbeiter des Kundendienstes sind 24 Stunden am Tag online, um Dienstleistungen anzubieten.<br \/>\nF\u00fcllen Sie die Informationen aus, holen Sie ein Angebot ein und werden Sie unser Agent!<\/p>\n<p><img decoding=\"async\" class=\"img-fluid\" src=\"https:\/\/www.rippa.com\/wp-content\/uploads\/2025\/01\/%E6%9C%AA%E6%A0%87%E9%A2%98-5.jpg\" alt=\"Chinese Mini Excavator-Loader-Rippa Forklift-Rippa Group\" \/><\/p>","protected":false},"featured_media":1296,"parent":0,"template":"","meta":{"_acf_changed":false,"_seopress_robots_primary_cat":"none","_seopress_titles_title":"","_seopress_titles_desc":"","_seopress_robots_index":""},"categoryproduct":[23],"class_list":["post-1206","product","type-product","status-publish","has-post-thumbnail","hentry","categoryproduct-wheel-loader"],"acf":[],"_links":{"self":[{"href":"https:\/\/rippa-machinery.com\/de\/wp-json\/wp\/v2\/product\/1206","targetHints":{"allow":["GET"]}}],"collection":[{"href":"https:\/\/rippa-machinery.com\/de\/wp-json\/wp\/v2\/product"}],"about":[{"href":"https:\/\/rippa-machinery.com\/de\/wp-json\/wp\/v2\/types\/product"}],"wp:featuredmedia":[{"embeddable":true,"href":"https:\/\/rippa-machinery.com\/de\/wp-json\/wp\/v2\/media\/1296"}],"wp:attachment":[{"href":"https:\/\/rippa-machinery.com\/de\/wp-json\/wp\/v2\/media?parent=1206"}],"wp:term":[{"taxonomy":"categoryproduct","embeddable":true,"href":"https:\/\/rippa-machinery.com\/de\/wp-json\/wp\/v2\/categoryproduct?post=1206"}],"curies":[{"name":"wp","href":"https:\/\/api.w.org\/{rel}","templated":true}]}}