
{"id":1145,"date":"2025-05-11T14:57:29","date_gmt":"2025-05-11T06:57:29","guid":{"rendered":"https:https:\/\/www.rippa-machinery.com\/\/?post_type=product&#038;p=1145"},"modified":"2025-05-11T14:46:50","modified_gmt":"2025-05-11T06:46:50","slug":"rl15-wheel-loader","status":"publish","type":"product","link":"https:\/\/rippa-machinery.com\/de\/product\/rl15-wheel-loader\/","title":{"rendered":"RL15 Radlader"},"content":{"rendered":"<p>Der Lader RL15 hat sich mit seinen Hauptmerkmalen wie hohe Effizienz und Energieeinsparung, Kompaktheit und Flexibilit\u00e4t, starke Tragf\u00e4higkeit, einfache Bedienung und Wartung, breite multifunktionale Anwendbarkeit und niedrige Betriebskosten zu einer idealen Wahl f\u00fcr die Exportwirtschaft entwickelt.<\/p>\n<p><strong>Wir rekrutieren aufrichtig globale Agenten:<\/strong><br \/>\nODM, OEM, anpassbar<br \/>\nF\u00fcr Gro\u00dfhandelsbestellungen werden Rabatte gew\u00e4hrt.<br \/>\nDer Hersteller hat Lagerbest\u00e4nde und liefert schnell.<br \/>\nDie Mitarbeiter des Kundendienstes bieten 24 Stunden am Tag Online-Dienste an.<br \/>\nGeben Sie Ihre Daten ein, holen Sie ein Angebot ein und werden Sie unser Agent!<\/p>\n<h1 class=\"pro-title\"><img decoding=\"async\" class=\"img-fluid\" src=\"https:\/\/www.rippa.com\/wp-content\/uploads\/2025\/01\/%E6%9C%AA%E6%A0%87%E9%A2%98-5.jpg\" alt=\"Chinese Mini Excavator-Loader-Rippa Forklift-Rippa Group\" \/><\/h1>\n<p>&nbsp;<\/p>","protected":false},"featured_media":1319,"parent":0,"template":"","meta":{"_acf_changed":false,"_seopress_robots_primary_cat":"none","_seopress_titles_title":"","_seopress_titles_desc":"","_seopress_robots_index":""},"categoryproduct":[23],"class_list":["post-1145","product","type-product","status-publish","has-post-thumbnail","hentry","categoryproduct-wheel-loader"],"acf":[],"_links":{"self":[{"href":"https:\/\/rippa-machinery.com\/de\/wp-json\/wp\/v2\/product\/1145","targetHints":{"allow":["GET"]}}],"collection":[{"href":"https:\/\/rippa-machinery.com\/de\/wp-json\/wp\/v2\/product"}],"about":[{"href":"https:\/\/rippa-machinery.com\/de\/wp-json\/wp\/v2\/types\/product"}],"wp:featuredmedia":[{"embeddable":true,"href":"https:\/\/rippa-machinery.com\/de\/wp-json\/wp\/v2\/media\/1319"}],"wp:attachment":[{"href":"https:\/\/rippa-machinery.com\/de\/wp-json\/wp\/v2\/media?parent=1145"}],"wp:term":[{"taxonomy":"categoryproduct","embeddable":true,"href":"https:\/\/rippa-machinery.com\/de\/wp-json\/wp\/v2\/categoryproduct?post=1145"}],"curies":[{"name":"wp","href":"https:\/\/api.w.org\/{rel}","templated":true}]}}