
{"id":952,"date":"2025-05-08T10:22:52","date_gmt":"2025-05-08T02:22:52","guid":{"rendered":"https:https:\/\/www.rippa-machinery.com\/\/?post_type=product&#038;p=952"},"modified":"2025-05-11T14:37:55","modified_gmt":"2025-05-11T06:37:55","slug":"r60-small-excavator","status":"publish","type":"product","link":"http:\/\/rippa-machinery.com\/fr\/product\/r60-small-excavator\/","title":{"rendered":"Petite pelle R60"},"content":{"rendered":"<p><img loading=\"lazy\" decoding=\"async\" class=\"alignnone size-full wp-image-391\" src=\"https:\/\/www.rippa-machinery.com\/\/wp-content\/uploads\/2024\/10\/CE.jpg\" alt=\"\" width=\"56\" height=\"29\" \/><img loading=\"lazy\" decoding=\"async\" class=\"alignnone size-full wp-image-392\" src=\"https:\/\/www.rippa-machinery.com\/\/wp-content\/uploads\/2024\/10\/EPA-4.jpg\" alt=\"\" width=\"56\" height=\"29\" \/><img loading=\"lazy\" decoding=\"async\" class=\"alignnone size-full wp-image-393\" src=\"https:\/\/www.rippa-machinery.com\/\/wp-content\/uploads\/2024\/10\/\u6b27\u4e94.jpg\" alt=\"\" width=\"56\" height=\"29\" \/><\/p>\n<p>La petite pelle R60 pr\u00e9sente des avantages en termes de performances, de confort, d'\u00e9conomie, de commodit\u00e9, de service apr\u00e8s-vente, etc., et peut r\u00e9pondre aux divers besoins des clients sur le march\u00e9 international.<\/p>\n<p><strong>Recrutement d'agents internationaux :<\/strong><br \/>\nODM, OEM, vente en gros<br \/>\nLes commandes peuvent b\u00e9n\u00e9ficier de prix r\u00e9duits.<br \/>\nLe fabricant dispose d'un stock et d'une livraison rapide.<br \/>\nLe personnel du service client\u00e8le fournit des services en ligne 24 heures sur 24.<br \/>\nRemplissez les informations, obtenez un devis et devenez notre agent !<\/p>","protected":false},"featured_media":955,"parent":0,"template":"","meta":{"_acf_changed":false,"_seopress_robots_primary_cat":"none","_seopress_titles_title":"","_seopress_titles_desc":"","_seopress_robots_index":""},"categoryproduct":[21],"class_list":["post-952","product","type-product","status-publish","has-post-thumbnail","hentry","categoryproduct-large-excavator"],"acf":[],"_links":{"self":[{"href":"http:\/\/rippa-machinery.com\/fr\/wp-json\/wp\/v2\/product\/952","targetHints":{"allow":["GET"]}}],"collection":[{"href":"http:\/\/rippa-machinery.com\/fr\/wp-json\/wp\/v2\/product"}],"about":[{"href":"http:\/\/rippa-machinery.com\/fr\/wp-json\/wp\/v2\/types\/product"}],"wp:featuredmedia":[{"embeddable":true,"href":"http:\/\/rippa-machinery.com\/fr\/wp-json\/wp\/v2\/media\/955"}],"wp:attachment":[{"href":"http:\/\/rippa-machinery.com\/fr\/wp-json\/wp\/v2\/media?parent=952"}],"wp:term":[{"taxonomy":"categoryproduct","embeddable":true,"href":"http:\/\/rippa-machinery.com\/fr\/wp-json\/wp\/v2\/categoryproduct?post=952"}],"curies":[{"name":"wp","href":"https:\/\/api.w.org\/{rel}","templated":true}]}}