
{"id":851,"date":"2025-03-14T11:02:22","date_gmt":"2025-03-14T03:02:22","guid":{"rendered":"https:https:\/\/www.rippa-machinery.com\/\/?post_type=product&#038;p=851"},"modified":"2025-03-14T11:02:22","modified_gmt":"2025-03-14T03:02:22","slug":"mini-excavator-r327","status":"publish","type":"product","link":"http:\/\/rippa-machinery.com\/fr\/product\/mini-excavator-r327\/","title":{"rendered":"Mini-pelle R327"},"content":{"rendered":"<p><img loading=\"lazy\" decoding=\"async\" class=\"alignnone size-full wp-image-586\" src=\"https:\/\/www.rippa-machinery.com\/\/wp-content\/uploads\/2025\/03\/1.png\" alt=\"\" width=\"56\" height=\"29\" srcset=\"\/\/rippa-machinery.com\/wp-content\/uploads\/2025\/03\/1.png 56w, \/\/rippa-machinery.com\/wp-content\/uploads\/2025\/03\/1-18x9.png 18w\" sizes=\"auto, (max-width: 56px) 100vw, 56px\" \/><img loading=\"lazy\" decoding=\"async\" class=\"alignnone size-full wp-image-588\" src=\"https:\/\/www.rippa-machinery.com\/\/wp-content\/uploads\/2025\/03\/2.png\" alt=\"\" width=\"56\" height=\"29\" srcset=\"\/\/rippa-machinery.com\/wp-content\/uploads\/2025\/03\/2.png 56w, \/\/rippa-machinery.com\/wp-content\/uploads\/2025\/03\/2-18x9.png 18w\" sizes=\"auto, (max-width: 56px) 100vw, 56px\" \/><img loading=\"lazy\" decoding=\"async\" class=\"alignnone size-full wp-image-587\" src=\"https:\/\/www.rippa-machinery.com\/\/wp-content\/uploads\/2025\/03\/3.png\" alt=\"\" width=\"56\" height=\"29\" srcset=\"\/\/rippa-machinery.com\/wp-content\/uploads\/2025\/03\/3.png 56w, \/\/rippa-machinery.com\/wp-content\/uploads\/2025\/03\/3-18x9.png 18w\" sizes=\"auto, (max-width: 56px) 100vw, 56px\" \/><\/p>\n<p>Les principaux arguments de vente du R327\u00a0<span class=\"wp_keywordlink\"><a title=\"mini-pelle\" href=\"https:\/\/www.rippa.com\/\" target=\"_blank\" rel=\"noopener\">mini-pelle<\/a><\/span>\u00a0sont son excellente performance de base, sa remarquable op\u00e9rabilit\u00e9, sa souplesse d'adaptation, son confort et son design humanis\u00e9, sa fiabilit\u00e9 et sa durabilit\u00e9, et sa capacit\u00e9 \u00e0 r\u00e9pondre pleinement aux besoins des utilisateurs. Ces arguments de vente en font un produit phare du commerce d'exportation.<\/p>\n<p><strong>Recrutement d'agents dans le monde entier :<\/strong><br \/>\nODM, OEM, personnalisable<br \/>\nDes prix r\u00e9duits sont disponibles pour les commandes en gros.<br \/>\nLes fabricants ont des stocks et assurent une livraison rapide.<br \/>\nLe personnel d'assistance \u00e0 la client\u00e8le est en ligne 24 heures sur 24 pour fournir des services.<br \/>\nRemplissez les informations, obtenez un devis et devenez notre agent !<\/p>","protected":false},"featured_media":854,"parent":0,"template":"","meta":{"_acf_changed":false,"_seopress_robots_primary_cat":"none","_seopress_titles_title":"","_seopress_titles_desc":"","_seopress_robots_index":""},"categoryproduct":[20],"class_list":["post-851","product","type-product","status-publish","has-post-thumbnail","hentry","categoryproduct-mini-excavator"],"acf":[],"_links":{"self":[{"href":"http:\/\/rippa-machinery.com\/fr\/wp-json\/wp\/v2\/product\/851","targetHints":{"allow":["GET"]}}],"collection":[{"href":"http:\/\/rippa-machinery.com\/fr\/wp-json\/wp\/v2\/product"}],"about":[{"href":"http:\/\/rippa-machinery.com\/fr\/wp-json\/wp\/v2\/types\/product"}],"wp:featuredmedia":[{"embeddable":true,"href":"http:\/\/rippa-machinery.com\/fr\/wp-json\/wp\/v2\/media\/854"}],"wp:attachment":[{"href":"http:\/\/rippa-machinery.com\/fr\/wp-json\/wp\/v2\/media?parent=851"}],"wp:term":[{"taxonomy":"categoryproduct","embeddable":true,"href":"http:\/\/rippa-machinery.com\/fr\/wp-json\/wp\/v2\/categoryproduct?post=851"}],"curies":[{"name":"wp","href":"https:\/\/api.w.org\/{rel}","templated":true}]}}