
{"id":768,"date":"2025-05-12T13:50:19","date_gmt":"2025-05-12T05:50:19","guid":{"rendered":"https:https:\/\/www.rippa-machinery.com\/\/?post_type=product&#038;p=768"},"modified":"2025-05-12T14:02:52","modified_gmt":"2025-05-12T06:02:52","slug":"rs07-skid-steer","status":"publish","type":"product","link":"http:\/\/rippa-machinery.com\/fr\/product\/rs07-skid-steer\/","title":{"rendered":"RS07 Skid Steer"},"content":{"rendered":"<p><img loading=\"lazy\" decoding=\"async\" class=\"alignnone size-full wp-image-588\" src=\"https:\/\/www.rippa-machinery.com\/\/wp-content\/uploads\/2025\/03\/2.png\" alt=\"\" width=\"56\" height=\"29\" srcset=\"\/\/rippa-machinery.com\/wp-content\/uploads\/2025\/03\/2.png 56w, \/\/rippa-machinery.com\/wp-content\/uploads\/2025\/03\/2-18x9.png 18w\" sizes=\"auto, (max-width: 56px) 100vw, 56px\" \/> <img loading=\"lazy\" decoding=\"async\" class=\"alignnone size-full wp-image-587\" src=\"https:\/\/www.rippa-machinery.com\/\/wp-content\/uploads\/2025\/03\/3.png\" alt=\"\" width=\"56\" height=\"29\" srcset=\"\/\/rippa-machinery.com\/wp-content\/uploads\/2025\/03\/3.png 56w, \/\/rippa-machinery.com\/wp-content\/uploads\/2025\/03\/3-18x9.png 18w\" sizes=\"auto, (max-width: 56px) 100vw, 56px\" \/><\/p>\n<p>RIPPA RS07 skid steer loader has strong power, high stability, comfortable operating environment, versatility and fast conversion ability, high reliability and durability, easy maintenance and environmentally friendly design, making it a product sold on the market and very suitable for export trade.<\/p>\n<p>Recrutement d'agents internationaux :<\/p>\n<p>ODM, OEM, vente en gros<br \/>\nLes commandes peuvent b\u00e9n\u00e9ficier de prix r\u00e9duits.<\/p>\n<p>Le fabricant dispose d'un stock et d'une livraison rapide.<\/p>\n<p>Le personnel du service client\u00e8le fournit des services en ligne 24 heures sur 24.<br \/>\nRemplissez les informations, obtenez un devis et devenez notre agent !<\/p>","protected":false},"featured_media":1385,"parent":0,"template":"","meta":{"_acf_changed":false,"_seopress_robots_primary_cat":"none","_seopress_titles_title":"Skid Steer Loader-Most Popular Skid Steer| MiniSkid Steer Loader | Skid Steer Loader Sale","_seopress_titles_desc":"","_seopress_robots_index":""},"categoryproduct":[25],"class_list":["post-768","product","type-product","status-publish","has-post-thumbnail","hentry","categoryproduct-skid-steer"],"acf":[],"_links":{"self":[{"href":"http:\/\/rippa-machinery.com\/fr\/wp-json\/wp\/v2\/product\/768","targetHints":{"allow":["GET"]}}],"collection":[{"href":"http:\/\/rippa-machinery.com\/fr\/wp-json\/wp\/v2\/product"}],"about":[{"href":"http:\/\/rippa-machinery.com\/fr\/wp-json\/wp\/v2\/types\/product"}],"wp:featuredmedia":[{"embeddable":true,"href":"http:\/\/rippa-machinery.com\/fr\/wp-json\/wp\/v2\/media\/1385"}],"wp:attachment":[{"href":"http:\/\/rippa-machinery.com\/fr\/wp-json\/wp\/v2\/media?parent=768"}],"wp:term":[{"taxonomy":"categoryproduct","embeddable":true,"href":"http:\/\/rippa-machinery.com\/fr\/wp-json\/wp\/v2\/categoryproduct?post=768"}],"curies":[{"name":"wp","href":"https:\/\/api.w.org\/{rel}","templated":true}]}}