
{"id":703,"date":"2025-05-12T13:54:00","date_gmt":"2025-05-12T05:54:00","guid":{"rendered":"https:https:\/\/www.rippa-machinery.com\/\/?post_type=product&#038;p=703"},"modified":"2025-05-12T14:01:23","modified_gmt":"2025-05-12T06:01:23","slug":"rs04-skid-steer","status":"publish","type":"product","link":"http:\/\/rippa-machinery.com\/fr\/product\/rs04-skid-steer\/","title":{"rendered":"RS04 Skid Steer"},"content":{"rendered":"<p><img loading=\"lazy\" decoding=\"async\" class=\"alignnone size-full wp-image-588\" src=\"https:\/\/www.rippa-machinery.com\/\/wp-content\/uploads\/2025\/03\/2.png\" alt=\"\" width=\"56\" height=\"29\" srcset=\"\/\/rippa-machinery.com\/wp-content\/uploads\/2025\/03\/2.png 56w, \/\/rippa-machinery.com\/wp-content\/uploads\/2025\/03\/2-18x9.png 18w\" sizes=\"auto, (max-width: 56px) 100vw, 56px\" \/> <img loading=\"lazy\" decoding=\"async\" class=\"alignnone size-full wp-image-587\" src=\"https:\/\/www.rippa-machinery.com\/\/wp-content\/uploads\/2025\/03\/3.png\" alt=\"\" width=\"56\" height=\"29\" srcset=\"\/\/rippa-machinery.com\/wp-content\/uploads\/2025\/03\/3.png 56w, \/\/rippa-machinery.com\/wp-content\/uploads\/2025\/03\/3-18x9.png 18w\" sizes=\"auto, (max-width: 56px) 100vw, 56px\" \/><\/p>\n<p>La chargeuse compacte RS04 pr\u00e9sente des avantages significatifs sur le march\u00e9 des chargeuses compacte gr\u00e2ce \u00e0 ses principaux arguments de vente tels que la polyvalence, la conception compacte, la puissance, la s\u00e9curit\u00e9, l'entretien efficace et le fonctionnement polyvalent, qui peuvent r\u00e9pondre aux besoins de divers projets et op\u00e9rations.<\/p>\n<p>Recrutement d'agents internationaux :<\/p>\n<p>ODM, OEM, vente en gros<br \/>\nLes commandes peuvent b\u00e9n\u00e9ficier de prix r\u00e9duits.<\/p>\n<p>Les fabricants ont des stocks et des livraisons rapides.<\/p>\n<p>Le personnel du service client\u00e8le fournit des services en ligne 24 heures sur 24.<br \/>\nRemplissez les informations, obtenez un devis et devenez notre agent !<\/p>","protected":false},"featured_media":1382,"parent":0,"template":"","meta":{"_acf_changed":false,"_seopress_robots_primary_cat":"none","_seopress_titles_title":"Skid Steer Loader-Most Popular Skid Steer| MiniSkid Steer Loader | Skid Steer Loader Sale","_seopress_titles_desc":"","_seopress_robots_index":""},"categoryproduct":[25],"class_list":["post-703","product","type-product","status-publish","has-post-thumbnail","hentry","categoryproduct-skid-steer"],"acf":[],"_links":{"self":[{"href":"http:\/\/rippa-machinery.com\/fr\/wp-json\/wp\/v2\/product\/703","targetHints":{"allow":["GET"]}}],"collection":[{"href":"http:\/\/rippa-machinery.com\/fr\/wp-json\/wp\/v2\/product"}],"about":[{"href":"http:\/\/rippa-machinery.com\/fr\/wp-json\/wp\/v2\/types\/product"}],"wp:featuredmedia":[{"embeddable":true,"href":"http:\/\/rippa-machinery.com\/fr\/wp-json\/wp\/v2\/media\/1382"}],"wp:attachment":[{"href":"http:\/\/rippa-machinery.com\/fr\/wp-json\/wp\/v2\/media?parent=703"}],"wp:term":[{"taxonomy":"categoryproduct","embeddable":true,"href":"http:\/\/rippa-machinery.com\/fr\/wp-json\/wp\/v2\/categoryproduct?post=703"}],"curies":[{"name":"wp","href":"https:\/\/api.w.org\/{rel}","templated":true}]}}