
{"id":441,"date":"2025-05-12T12:59:04","date_gmt":"2025-05-12T04:59:04","guid":{"rendered":"https:\/\/www.china-rippa.com\/?post_type=product&#038;p=441"},"modified":"2025-09-05T10:00:09","modified_gmt":"2025-09-05T02:00:09","slug":"mini-excavator-r32","status":"publish","type":"product","link":"http:\/\/rippa-machinery.com\/fr\/product\/mini-excavator-r32\/","title":{"rendered":"Mini-pelle de 3,2 tonnes R32"},"content":{"rendered":"<p><span style=\"font-size: 14pt;\"><img loading=\"lazy\" decoding=\"async\" class=\"alignnone wp-image-391 size-full\" src=\"https:\/\/www.rippa-machinery.com\/\/wp-content\/uploads\/2024\/10\/CE.jpg\" alt=\"\" width=\"56\" height=\"29\" \/> <img loading=\"lazy\" decoding=\"async\" class=\"alignnone wp-image-392 size-full\" src=\"https:\/\/www.rippa-machinery.com\/\/wp-content\/uploads\/2024\/10\/EPA-4.jpg\" alt=\"\" width=\"56\" height=\"29\" \/> <img loading=\"lazy\" decoding=\"async\" class=\"alignnone wp-image-393 size-full\" src=\"https:\/\/www.rippa-machinery.com\/\/wp-content\/uploads\/2024\/10\/\u6b27\u4e94.jpg\" alt=\"\" width=\"56\" height=\"29\" \/><\/span><\/p>\n<p>Le\u00a0<strong data-start=\"3291\" data-end=\"3319\">Mini-pelle RIPPA R32<\/strong>\u00a0est un\u00a0<strong data-start=\"3325\" data-end=\"3362\">Pelle \u00e0 balancier sans queue de 3,2 tonnes<\/strong>\u00a0con\u00e7ue pour les projets de construction et d'am\u00e9nagement paysager les plus exigeants. Il est aliment\u00e9 par le\u00a0<strong data-start=\"3443\" data-end=\"3466\">Moteur Kubota V1505<\/strong>, offrant\u00a0<strong data-start=\"3477\" data-end=\"3498\">18,2 kW (24,4 CV)<\/strong>\u00a0pour une performance fiable.<\/p>\n<p><span style=\"font-size: 14pt;\"><strong>Recrutement d'agents dans le monde entier :<\/strong><\/span><br \/>\n<span style=\"font-size: 14pt;\">ODM, OEM, personnalisable<\/span><br \/>\n<span style=\"font-size: 14pt;\">Des prix r\u00e9duits sont disponibles pour les commandes en gros.<\/span><br \/>\n<span style=\"font-size: 14pt;\">Les fabricants ont des stocks et assurent une livraison rapide.<\/span><br \/>\n<span style=\"font-size: 14pt;\">Le personnel d'assistance \u00e0 la client\u00e8le est en ligne 24 heures sur 24 pour fournir des services.<\/span><br \/>\n<span style=\"font-size: 14pt;\">Remplissez les informations, obtenez un devis et devenez notre agent !<\/span><\/p>","protected":false},"featured_media":1475,"parent":0,"template":"","meta":{"_acf_changed":false,"_seopress_robots_primary_cat":"none","_seopress_titles_title":"Mini Excavator R32-new mini excavator for","_seopress_titles_desc":"The R32 small excavator has strong competitiveness in export trade due to its core selling points such as high performance, high energy efficiency, easy operation, safety and comfort, easy maintenance, environmentally friendly design, rich configurations and options, and brand trust.","_seopress_robots_index":""},"categoryproduct":[20],"class_list":["post-441","product","type-product","status-publish","has-post-thumbnail","hentry","categoryproduct-mini-excavator"],"acf":[],"_links":{"self":[{"href":"http:\/\/rippa-machinery.com\/fr\/wp-json\/wp\/v2\/product\/441","targetHints":{"allow":["GET"]}}],"collection":[{"href":"http:\/\/rippa-machinery.com\/fr\/wp-json\/wp\/v2\/product"}],"about":[{"href":"http:\/\/rippa-machinery.com\/fr\/wp-json\/wp\/v2\/types\/product"}],"wp:featuredmedia":[{"embeddable":true,"href":"http:\/\/rippa-machinery.com\/fr\/wp-json\/wp\/v2\/media\/1475"}],"wp:attachment":[{"href":"http:\/\/rippa-machinery.com\/fr\/wp-json\/wp\/v2\/media?parent=441"}],"wp:term":[{"taxonomy":"categoryproduct","embeddable":true,"href":"http:\/\/rippa-machinery.com\/fr\/wp-json\/wp\/v2\/categoryproduct?post=441"}],"curies":[{"name":"wp","href":"https:\/\/api.w.org\/{rel}","templated":true}]}}