
{"id":431,"date":"2025-05-12T13:00:03","date_gmt":"2025-05-12T05:00:03","guid":{"rendered":"https:\/\/www.china-rippa.com\/?post_type=product&#038;p=431"},"modified":"2025-09-05T09:54:53","modified_gmt":"2025-09-05T01:54:53","slug":"mini-excavator-r22","status":"publish","type":"product","link":"http:\/\/rippa-machinery.com\/fr\/product\/mini-excavator-r22\/","title":{"rendered":"Mini-pelle de 2,3 tonnes R22"},"content":{"rendered":"<p><span style=\"font-size: 14pt;\"><img loading=\"lazy\" decoding=\"async\" class=\"alignnone wp-image-391 size-full\" src=\"https:\/\/www.rippa-machinery.com\/\/wp-content\/uploads\/2024\/10\/CE.jpg\" alt=\"\" width=\"56\" height=\"29\" \/> <img loading=\"lazy\" decoding=\"async\" class=\"alignnone wp-image-392 size-full\" src=\"https:\/\/www.rippa-machinery.com\/\/wp-content\/uploads\/2024\/10\/EPA-4.jpg\" alt=\"\" width=\"56\" height=\"29\" \/> <img loading=\"lazy\" decoding=\"async\" class=\"alignnone wp-image-393 size-full\" src=\"https:\/\/www.rippa-machinery.com\/\/wp-content\/uploads\/2024\/10\/\u6b27\u4e94.jpg\" alt=\"\" width=\"56\" height=\"29\" \/><\/span><\/p>\n<p>Le\u00a0<strong data-start=\"929\" data-end=\"957\">Mini-pelle RIPPA R22<\/strong>\u00a0est une machine de 2,2 tonnes con\u00e7ue pour \u00eatre polyvalente, durable et compacte. Elle est \u00e9quip\u00e9e d'un\u00a0<strong data-start=\"1062\" data-end=\"1085\">Moteur Kubota D1105<\/strong>\u00a0livrer\u00a0<strong data-start=\"1097\" data-end=\"1118\">18,2 kW (24,4 CV)<\/strong>garantissant des performances puissantes et un excellent rendement \u00e9nerg\u00e9tique.<\/p>\n<p><span style=\"font-size: 14pt;\"><strong>Recrutement d'agents dans le monde entier :<\/strong><\/span><br \/>\n<span style=\"font-size: 14pt;\">ODM, OEM, personnalisable<\/span><br \/>\n<span style=\"font-size: 14pt;\">Des prix r\u00e9duits sont disponibles pour les commandes en gros.<\/span><br \/>\n<span style=\"font-size: 14pt;\">Les fabricants ont des stocks et assurent une livraison rapide.<\/span><br \/>\n<span style=\"font-size: 14pt;\">Le personnel d'assistance \u00e0 la client\u00e8le est en ligne 24 heures sur 24 pour fournir des services.<\/span><br \/>\n<span style=\"font-size: 14pt;\">Remplissez les informations, obtenez un devis et devenez notre agent !<\/span><\/p>","protected":false},"featured_media":1466,"parent":0,"template":"","meta":{"_acf_changed":false,"_seopress_robots_primary_cat":"none","_seopress_titles_title":"Mini Excavator R22-chinese mini excavator for sale","_seopress_titles_desc":"The advantages of the R22 mini excavator in terms of environmental protection, high efficiency, safety, user-friendly design, flexibility, easy maintenance, durability and high-performance parameters help attract potential buyers in the international market.","_seopress_robots_index":""},"categoryproduct":[20],"class_list":["post-431","product","type-product","status-publish","has-post-thumbnail","hentry","categoryproduct-mini-excavator"],"acf":[],"_links":{"self":[{"href":"http:\/\/rippa-machinery.com\/fr\/wp-json\/wp\/v2\/product\/431","targetHints":{"allow":["GET"]}}],"collection":[{"href":"http:\/\/rippa-machinery.com\/fr\/wp-json\/wp\/v2\/product"}],"about":[{"href":"http:\/\/rippa-machinery.com\/fr\/wp-json\/wp\/v2\/types\/product"}],"wp:featuredmedia":[{"embeddable":true,"href":"http:\/\/rippa-machinery.com\/fr\/wp-json\/wp\/v2\/media\/1466"}],"wp:attachment":[{"href":"http:\/\/rippa-machinery.com\/fr\/wp-json\/wp\/v2\/media?parent=431"}],"wp:term":[{"taxonomy":"categoryproduct","embeddable":true,"href":"http:\/\/rippa-machinery.com\/fr\/wp-json\/wp\/v2\/categoryproduct?post=431"}],"curies":[{"name":"wp","href":"https:\/\/api.w.org\/{rel}","templated":true}]}}