
{"id":414,"date":"2025-05-12T13:01:12","date_gmt":"2025-05-12T05:01:12","guid":{"rendered":"https:\/\/www.china-rippa.com\/?post_type=product&#038;p=414"},"modified":"2025-09-05T09:46:22","modified_gmt":"2025-09-05T01:46:22","slug":"mini-excavator-r18","status":"publish","type":"product","link":"http:\/\/rippa-machinery.com\/fr\/product\/mini-excavator-r18\/","title":{"rendered":"Mini-pelle de 1,8 tonne R18"},"content":{"rendered":"<p><span style=\"font-size: 14pt;\"><img loading=\"lazy\" decoding=\"async\" class=\"alignnone wp-image-391 size-full\" src=\"https:\/\/www.rippa-machinery.com\/\/wp-content\/uploads\/2024\/10\/CE.jpg\" alt=\"\" width=\"56\" height=\"29\" \/> <img loading=\"lazy\" decoding=\"async\" class=\"alignnone wp-image-392 size-full\" src=\"https:\/\/www.rippa-machinery.com\/\/wp-content\/uploads\/2024\/10\/EPA-4.jpg\" alt=\"\" width=\"56\" height=\"29\" \/> <img loading=\"lazy\" decoding=\"async\" class=\"alignnone wp-image-393 size-full\" src=\"https:\/\/www.rippa-machinery.com\/\/wp-content\/uploads\/2024\/10\/\u6b27\u4e94.jpg\" alt=\"\" width=\"56\" height=\"29\" \/><\/span><\/p>\n<p>Le\u00a0<strong data-start=\"962\" data-end=\"990\">Mini-pelle RIPPA R18<\/strong>\u00a0est une pelle compacte de 1,8 tonne con\u00e7ue pour l'efficacit\u00e9, la flexibilit\u00e9 et la durabilit\u00e9 dans les projets de construction de petite et moyenne envergure. \u00c9quip\u00e9e d'un\u00a0<strong data-start=\"1133\" data-end=\"1173\">Moteur Kubota D902 (18,5 kW \/ 25 HP)<\/strong>Il garantit une puissance stable et un bon rendement \u00e9nerg\u00e9tique. Le syst\u00e8me\u00a0<strong data-start=\"1240\" data-end=\"1263\">pompe \u00e0 engrenages \u00d73 syst\u00e8me<\/strong>\u00a0offre de bonnes performances hydrauliques avec un d\u00e9bit maximal de\u00a0<strong data-start=\"1330\" data-end=\"1344\">40,1 L\/min<\/strong>Il convient donc aux travaux de creusement, de tranch\u00e9es et d'am\u00e9nagement paysager.<\/p>\n<p><span style=\"font-size: 14pt;\"><strong>Recrutement d'agents dans le monde entier :<\/strong><\/span><br \/>\n<span style=\"font-size: 14pt;\">ODM, OEM, personnalisable<\/span><br \/>\n<span style=\"font-size: 14pt;\">Des prix r\u00e9duits sont disponibles pour les commandes en gros.<\/span><br \/>\n<span style=\"font-size: 14pt;\">Les fabricants ont des stocks et assurent une livraison rapide.<\/span><br \/>\n<span style=\"font-size: 14pt;\">Le personnel d'assistance \u00e0 la client\u00e8le est en ligne 24 heures sur 24 pour fournir des services.<\/span><br \/>\n<span style=\"font-size: 14pt;\">Remplissez les informations, obtenez un devis et devenez notre agent !<\/span><\/p>","protected":false},"featured_media":1457,"parent":0,"template":"","meta":{"_acf_changed":false,"_seopress_robots_primary_cat":"none","_seopress_titles_title":"Mini Excavator R18-mini excavator tracks","_seopress_titles_desc":"The advantages of the R18 small excavator in terms of performance, operation, comfort, safety, energy saving and humanized design will help attract the attention of potential customers in export trade.","_seopress_robots_index":""},"categoryproduct":[20],"class_list":["post-414","product","type-product","status-publish","has-post-thumbnail","hentry","categoryproduct-mini-excavator"],"acf":[],"_links":{"self":[{"href":"http:\/\/rippa-machinery.com\/fr\/wp-json\/wp\/v2\/product\/414","targetHints":{"allow":["GET"]}}],"collection":[{"href":"http:\/\/rippa-machinery.com\/fr\/wp-json\/wp\/v2\/product"}],"about":[{"href":"http:\/\/rippa-machinery.com\/fr\/wp-json\/wp\/v2\/types\/product"}],"wp:featuredmedia":[{"embeddable":true,"href":"http:\/\/rippa-machinery.com\/fr\/wp-json\/wp\/v2\/media\/1457"}],"wp:attachment":[{"href":"http:\/\/rippa-machinery.com\/fr\/wp-json\/wp\/v2\/media?parent=414"}],"wp:term":[{"taxonomy":"categoryproduct","embeddable":true,"href":"http:\/\/rippa-machinery.com\/fr\/wp-json\/wp\/v2\/categoryproduct?post=414"}],"curies":[{"name":"wp","href":"https:\/\/api.w.org\/{rel}","templated":true}]}}