
{"id":401,"date":"2025-05-12T13:07:57","date_gmt":"2025-05-12T05:07:57","guid":{"rendered":"https:\/\/www.china-rippa.com\/?post_type=product&#038;p=401"},"modified":"2025-09-05T09:39:31","modified_gmt":"2025-09-05T01:39:31","slug":"mini-excavator-r15","status":"publish","type":"product","link":"http:\/\/rippa-machinery.com\/fr\/product\/mini-excavator-r15\/","title":{"rendered":"Mini-pelle de 1,5 tonne R15"},"content":{"rendered":"<p><span style=\"font-size: 14pt;\"><img loading=\"lazy\" decoding=\"async\" class=\"alignnone wp-image-391 size-full\" src=\"https:\/\/www.rippa-machinery.com\/\/wp-content\/uploads\/2024\/10\/CE.jpg\" alt=\"\" width=\"56\" height=\"29\" \/> <img loading=\"lazy\" decoding=\"async\" class=\"alignnone wp-image-392 size-full\" src=\"https:\/\/www.rippa-machinery.com\/\/wp-content\/uploads\/2024\/10\/EPA-4.jpg\" alt=\"\" width=\"56\" height=\"29\" \/> <img loading=\"lazy\" decoding=\"async\" class=\"alignnone wp-image-393 size-full\" src=\"https:\/\/www.rippa-machinery.com\/\/wp-content\/uploads\/2024\/10\/\u6b27\u4e94.jpg\" alt=\"\" width=\"56\" height=\"29\" \/><\/span><\/p>\n<p>Le\u00a0<b>Mini-pelle RIPPA R15-PRO<\/b>\u00a0est con\u00e7ue pour \u00eatre votre solution id\u00e9ale. Cette machine de 1,5 tonne est con\u00e7ue pour offrir des performances sup\u00e9rieures dans les espaces restreints, ce qui la rend id\u00e9ale pour l'am\u00e9nagement paysager, le creusement de tranch\u00e9es pour les services publics, la d\u00e9molition et les travaux de fondation.<\/p>\n<p>L'avantage principal de la R15-PRO est son syst\u00e8me d'alimentation en eau am\u00e9lior\u00e9.\u00a0<b>syst\u00e8me de commande par joystick pilot\u00e9<\/b>. Cette caract\u00e9ristique de premier ordre offre une manipulation douce, r\u00e9active et intuitive, permettant aux op\u00e9rateurs novices et experts d'atteindre facilement une pr\u00e9cision de l'ordre du millim\u00e8tre.<\/p>\n<p><span style=\"font-size: 14pt;\"><strong>Recrutement d'agents dans le monde entier :<\/strong><\/span><br \/>\n<span style=\"font-size: 14pt;\">ODM, OEM, personnalisable<\/span><br \/>\n<span style=\"font-size: 14pt;\">Des prix r\u00e9duits sont disponibles pour les commandes en gros.<\/span><br \/>\n<span style=\"font-size: 14pt;\">Les fabricants ont des stocks et assurent une livraison rapide.<\/span><br \/>\n<span style=\"font-size: 14pt;\">Le personnel d'assistance \u00e0 la client\u00e8le est en ligne 24 heures sur 24 pour fournir des services.<\/span><br \/>\n<span style=\"font-size: 14pt;\">Remplissez les informations, obtenez un devis et devenez notre agent !<\/span><\/p>","protected":false},"featured_media":1450,"parent":0,"template":"","meta":{"_acf_changed":false,"_seopress_robots_primary_cat":"none","_seopress_titles_title":"mini excavator for sale-kubota excavator-mini excavator tracks","_seopress_titles_desc":"The R15 small excavator has become a highlight product in export trade with its excellent performance, flexible operability, unique design, comfortable operating experience, efficient excavation ability and reliable quality, and can meet the needs of various users.","_seopress_robots_index":""},"categoryproduct":[20],"class_list":["post-401","product","type-product","status-publish","has-post-thumbnail","hentry","categoryproduct-mini-excavator"],"acf":[],"_links":{"self":[{"href":"http:\/\/rippa-machinery.com\/fr\/wp-json\/wp\/v2\/product\/401","targetHints":{"allow":["GET"]}}],"collection":[{"href":"http:\/\/rippa-machinery.com\/fr\/wp-json\/wp\/v2\/product"}],"about":[{"href":"http:\/\/rippa-machinery.com\/fr\/wp-json\/wp\/v2\/types\/product"}],"wp:featuredmedia":[{"embeddable":true,"href":"http:\/\/rippa-machinery.com\/fr\/wp-json\/wp\/v2\/media\/1450"}],"wp:attachment":[{"href":"http:\/\/rippa-machinery.com\/fr\/wp-json\/wp\/v2\/media?parent=401"}],"wp:term":[{"taxonomy":"categoryproduct","embeddable":true,"href":"http:\/\/rippa-machinery.com\/fr\/wp-json\/wp\/v2\/categoryproduct?post=401"}],"curies":[{"name":"wp","href":"https:\/\/api.w.org\/{rel}","templated":true}]}}