
{"id":387,"date":"2025-05-12T13:09:59","date_gmt":"2025-05-12T05:09:59","guid":{"rendered":"https:\/\/www.china-rippa.com\/?post_type=product&#038;p=387"},"modified":"2025-09-05T09:29:09","modified_gmt":"2025-09-05T01:29:09","slug":"r10","status":"publish","type":"product","link":"http:\/\/rippa-machinery.com\/fr\/product\/r10\/","title":{"rendered":"Mini-pelle R10 de 1 tonne"},"content":{"rendered":"<p><span style=\"font-size: 14pt;\"><img loading=\"lazy\" decoding=\"async\" class=\"alignnone wp-image-391 size-full\" src=\"https:\/\/www.rippa-machinery.com\/\/wp-content\/uploads\/2024\/10\/CE.jpg\" alt=\"\" width=\"56\" height=\"29\" \/> <img loading=\"lazy\" decoding=\"async\" class=\"alignnone wp-image-392 size-full\" src=\"https:\/\/www.rippa-machinery.com\/\/wp-content\/uploads\/2024\/10\/EPA-4.jpg\" alt=\"\" width=\"56\" height=\"29\" \/> <img loading=\"lazy\" decoding=\"async\" class=\"alignnone wp-image-393 size-full\" src=\"https:\/\/www.rippa-machinery.com\/\/wp-content\/uploads\/2024\/10\/\u6b27\u4e94.jpg\" alt=\"\" width=\"56\" height=\"29\" \/><\/span><\/p>\n<p><b>Mini-pelle Rippa R10-ECO : La puissance compacte ultime pour les espaces restreints<br \/>\n<\/b>Con\u00e7ue pour une polyvalence maximale dans les espaces les plus confin\u00e9s, la Rippa R10-ECO est la mini-pelle d'une tonne qui offre puissance et agilit\u00e9 l\u00e0 o\u00f9 les machines plus grandes ne peuvent pas aller. Id\u00e9ale pour les paysagistes, les agriculteurs et les projets de r\u00e9novation d'int\u00e9rieur, la R10-ECO est votre partenaire fiable pour effectuer le travail efficacement.<\/p>\n<p><span style=\"font-size: 14pt;\"><strong>Recrutement d'agents dans le monde entier :<\/strong><\/span><br \/>\n<span style=\"font-size: 14pt;\">ODM, OEM, personnalisable<\/span><br \/>\n<span style=\"font-size: 14pt;\">Des prix r\u00e9duits sont disponibles pour les commandes en gros.<\/span><br \/>\n<span style=\"font-size: 14pt;\">Les fabricants ont des stocks et assurent une livraison rapide.<\/span><br \/>\n<span style=\"font-size: 14pt;\">Le personnel d'assistance \u00e0 la client\u00e8le est en ligne 24 heures sur 24 pour fournir des services.<\/span><br \/>\n<span style=\"font-size: 14pt;\">Remplissez les informations, obtenez un devis et devenez notre agent !<\/span><\/p>","protected":false},"featured_media":1440,"parent":0,"template":"","meta":{"_acf_changed":false,"_seopress_robots_primary_cat":"none","_seopress_titles_title":"cheapest mini excavator-rubber tracks for excavator","_seopress_titles_desc":"The R10-5 small excavator has become an ideal choice for export trade with its excellent performance, efficient hydraulic system, outstanding operating ability, reliable and durable design, comfortable operating experience, convenient maintainability and configuration that meets international standards.","_seopress_robots_index":""},"categoryproduct":[20],"class_list":["post-387","product","type-product","status-publish","has-post-thumbnail","hentry","categoryproduct-mini-excavator"],"acf":[],"_links":{"self":[{"href":"http:\/\/rippa-machinery.com\/fr\/wp-json\/wp\/v2\/product\/387","targetHints":{"allow":["GET"]}}],"collection":[{"href":"http:\/\/rippa-machinery.com\/fr\/wp-json\/wp\/v2\/product"}],"about":[{"href":"http:\/\/rippa-machinery.com\/fr\/wp-json\/wp\/v2\/types\/product"}],"wp:featuredmedia":[{"embeddable":true,"href":"http:\/\/rippa-machinery.com\/fr\/wp-json\/wp\/v2\/media\/1440"}],"wp:attachment":[{"href":"http:\/\/rippa-machinery.com\/fr\/wp-json\/wp\/v2\/media?parent=387"}],"wp:term":[{"taxonomy":"categoryproduct","embeddable":true,"href":"http:\/\/rippa-machinery.com\/fr\/wp-json\/wp\/v2\/categoryproduct?post=387"}],"curies":[{"name":"wp","href":"https:\/\/api.w.org\/{rel}","templated":true}]}}