
{"id":1429,"date":"2025-05-12T13:08:29","date_gmt":"2025-05-12T05:08:29","guid":{"rendered":"https:\/\/www.rippa-machinery.com\/?post_type=product&#038;p=1429"},"modified":"2025-09-05T10:01:14","modified_gmt":"2025-09-05T02:01:14","slug":"mini-excavator-r13","status":"publish","type":"product","link":"http:\/\/rippa-machinery.com\/fr\/product\/mini-excavator-r13\/","title":{"rendered":"Mini-pelle R13"},"content":{"rendered":"<p><img loading=\"lazy\" decoding=\"async\" class=\"alignnone size-full wp-image-1708\" src=\"https:\/\/www.rippa.com\/wp-content\/uploads\/2024\/09\/CE.jpg\" sizes=\"auto\" srcset=\"https:\/\/www.rippa.com\/wp-content\/uploads\/2024\/09\/CE.jpg 56w, https:\/\/www.rippa.com\/wp-content\/uploads\/2024\/09\/CE-18x9.jpg 18w\" alt=\"\" width=\"56\" height=\"29\" \/>\u00a0\u00a0<img loading=\"lazy\" decoding=\"async\" class=\"alignnone size-full wp-image-1709\" src=\"https:\/\/www.rippa.com\/wp-content\/uploads\/2024\/09\/EPA-4.jpg\" sizes=\"auto\" srcset=\"https:\/\/www.rippa.com\/wp-content\/uploads\/2024\/09\/EPA-4.jpg 56w, https:\/\/www.rippa.com\/wp-content\/uploads\/2024\/09\/EPA-4-18x9.jpg 18w\" alt=\"\" width=\"56\" height=\"29\" \/>\u00a0\u00a0<img loading=\"lazy\" decoding=\"async\" class=\"alignnone size-full wp-image-1710\" src=\"https:\/\/www.rippa.com\/wp-content\/uploads\/2024\/09\/%E6%AC%A7%E4%BA%94.jpg\" sizes=\"auto\" srcset=\"https:\/\/www.rippa.com\/wp-content\/uploads\/2024\/09\/\u6b27\u4e94.jpg 56w, https:\/\/www.rippa.com\/wp-content\/uploads\/2024\/09\/\u6b27\u4e94-18x9.jpg 18w\" alt=\"\" width=\"56\" height=\"29\" \/><\/p>\n<p>Le R13\u00a0<span class=\"wp_keywordlink\"><a title=\"mini-pelle\" href=\"https:\/\/www.rippa.com\/\" target=\"_blank\" rel=\"noopener\">mini-pelle<\/a><\/span>Avec ses performances sup\u00e9rieures, son syst\u00e8me hydraulique efficace, ses capacit\u00e9s de fonctionnement exceptionnelles, sa conception fiable et durable, son confort d'utilisation, sa facilit\u00e9 d'entretien et ses configurations conformes aux normes internationales, il constitue un choix id\u00e9al pour l'exportation.<\/p>\n<p><strong>Recruter des agents dans le monde entier :<\/strong><br \/>\nConvient aux entreprises\/commer\u00e7ants, \u00e0 partir d'une unit\u00e9 pour les entrep\u00f4ts \u00e0 l'\u00e9tranger.<br \/>\nPersonnalis\u00e9 pour les projets de construction, non disponible pour la vente au d\u00e9tail.<br \/>\nInventaire situ\u00e9 dans un entrep\u00f4t pr\u00e8s de chez vous, garantissant une livraison rapide et une gamme compl\u00e8te d'accessoires.<br \/>\nLe service client\u00e8le est disponible 24 heures sur 24 et 7 jours sur 7.<br \/>\nRemplissez vos informations, recevez un devis et devenez notre agent !<\/p>","protected":false},"featured_media":1432,"parent":0,"template":"","meta":{"_acf_changed":false,"_seopress_robots_primary_cat":"none","_seopress_titles_title":"","_seopress_titles_desc":"","_seopress_robots_index":""},"categoryproduct":[20],"class_list":["post-1429","product","type-product","status-publish","has-post-thumbnail","hentry","categoryproduct-mini-excavator"],"acf":[],"_links":{"self":[{"href":"http:\/\/rippa-machinery.com\/fr\/wp-json\/wp\/v2\/product\/1429","targetHints":{"allow":["GET"]}}],"collection":[{"href":"http:\/\/rippa-machinery.com\/fr\/wp-json\/wp\/v2\/product"}],"about":[{"href":"http:\/\/rippa-machinery.com\/fr\/wp-json\/wp\/v2\/types\/product"}],"wp:featuredmedia":[{"embeddable":true,"href":"http:\/\/rippa-machinery.com\/fr\/wp-json\/wp\/v2\/media\/1432"}],"wp:attachment":[{"href":"http:\/\/rippa-machinery.com\/fr\/wp-json\/wp\/v2\/media?parent=1429"}],"wp:term":[{"taxonomy":"categoryproduct","embeddable":true,"href":"http:\/\/rippa-machinery.com\/fr\/wp-json\/wp\/v2\/categoryproduct?post=1429"}],"curies":[{"name":"wp","href":"https:\/\/api.w.org\/{rel}","templated":true}]}}