
{"id":1316,"date":"2025-04-29T14:24:22","date_gmt":"2025-04-29T06:24:22","guid":{"rendered":"https:https:\/\/www.rippa-machinery.com\/\/?post_type=product&#038;p=1316"},"modified":"2025-05-11T14:42:43","modified_gmt":"2025-05-11T06:42:43","slug":"r520-large-excavator","status":"publish","type":"product","link":"http:\/\/rippa-machinery.com\/fr\/product\/r520-large-excavator\/","title":{"rendered":"R520 Grande pelleteuse"},"content":{"rendered":"<p>La grande pelle R520 de Rippa pr\u00e9sente des avantages concurrentiels significatifs sur le march\u00e9 des pelles gr\u00e2ce \u00e0 ses principaux arguments de vente tels que la haute efficacit\u00e9 et l'\u00e9conomie d'\u00e9nergie, le contr\u00f4le intelligent, la fiabilit\u00e9 et la durabilit\u00e9, le confort et la commodit\u00e9, la facilit\u00e9 d'entretien, la s\u00e9curit\u00e9 et la fiabilit\u00e9, ainsi qu'un service apr\u00e8s-vente irr\u00e9prochable.<\/p>\n<p><strong>Nous vous prions de bien vouloir recruter des agents internationaux :<\/strong><br \/>\nODM, OEM, personnalisable<br \/>\nLes commandes en gros peuvent b\u00e9n\u00e9ficier de r\u00e9ductions.<br \/>\nLe fabricant a des stocks et livre rapidement.<br \/>\nLe personnel du service client\u00e8le fournit des services en ligne 24 heures sur 24.<br \/>\nRemplissez les informations, obtenez un devis et devenez notre agent !<\/p>\n<p><img decoding=\"async\" class=\"img-fluid\" src=\"https:\/\/www.rippa.com\/wp-content\/uploads\/2025\/01\/%E6%9C%AA%E6%A0%87%E9%A2%98-5.jpg\" alt=\"Chinese Mini Excavator-Loader-Rippa Forklift-Rippa Group\" \/><\/p>","protected":false},"featured_media":1320,"parent":0,"template":"","meta":{"_acf_changed":false,"_seopress_robots_primary_cat":"none","_seopress_titles_title":"","_seopress_titles_desc":"","_seopress_robots_index":""},"categoryproduct":[21],"class_list":["post-1316","product","type-product","status-publish","has-post-thumbnail","hentry","categoryproduct-large-excavator"],"acf":[],"_links":{"self":[{"href":"http:\/\/rippa-machinery.com\/fr\/wp-json\/wp\/v2\/product\/1316","targetHints":{"allow":["GET"]}}],"collection":[{"href":"http:\/\/rippa-machinery.com\/fr\/wp-json\/wp\/v2\/product"}],"about":[{"href":"http:\/\/rippa-machinery.com\/fr\/wp-json\/wp\/v2\/types\/product"}],"wp:featuredmedia":[{"embeddable":true,"href":"http:\/\/rippa-machinery.com\/fr\/wp-json\/wp\/v2\/media\/1320"}],"wp:attachment":[{"href":"http:\/\/rippa-machinery.com\/fr\/wp-json\/wp\/v2\/media?parent=1316"}],"wp:term":[{"taxonomy":"categoryproduct","embeddable":true,"href":"http:\/\/rippa-machinery.com\/fr\/wp-json\/wp\/v2\/categoryproduct?post=1316"}],"curies":[{"name":"wp","href":"https:\/\/api.w.org\/{rel}","templated":true}]}}