
{"id":1271,"date":"2025-05-11T12:00:26","date_gmt":"2025-05-11T04:00:26","guid":{"rendered":"https:https:\/\/www.rippa-machinery.com\/\/?post_type=product&#038;p=1271"},"modified":"2025-05-11T14:53:38","modified_gmt":"2025-05-11T06:53:38","slug":"backhoe-loader-rb30","status":"publish","type":"product","link":"http:\/\/rippa-machinery.com\/fr\/product\/backhoe-loader-rb30\/","title":{"rendered":"Chargeuse-pelleteuse RB30"},"content":{"rendered":"<p><img loading=\"lazy\" decoding=\"async\" class=\"alignnone size-full wp-image-1709\" src=\"https:\/\/www.rippa.com\/wp-content\/uploads\/2024\/09\/EPA-4.jpg\" sizes=\"auto, (max-width: 56px) 100vw, 56px\" srcset=\"https:\/\/www.rippa.com\/wp-content\/uploads\/2024\/09\/EPA-4.jpg 56w, https:\/\/www.rippa.com\/wp-content\/uploads\/2024\/09\/EPA-4-18x9.jpg 18w\" alt=\"\" width=\"56\" height=\"29\" \/>\u00a0\u00a0<img loading=\"lazy\" decoding=\"async\" class=\"alignnone size-full wp-image-1710\" src=\"https:\/\/www.rippa.com\/wp-content\/uploads\/2024\/09\/%E6%AC%A7%E4%BA%94.jpg\" sizes=\"auto, (max-width: 56px) 100vw, 56px\" srcset=\"https:\/\/www.rippa.com\/wp-content\/uploads\/2024\/09\/\u6b27\u4e94.jpg 56w, https:\/\/www.rippa.com\/wp-content\/uploads\/2024\/09\/\u6b27\u4e94-18x9.jpg 18w\" alt=\"\" width=\"56\" height=\"29\" \/><\/p>\n<p>La chargeuse-pelleteuse RB30 est devenue le produit pr\u00e9f\u00e9r\u00e9 pour le commerce d'exportation gr\u00e2ce \u00e0 ses puissantes performances op\u00e9rationnelles, son excellente stabilit\u00e9 de manutention, son confort de conduite, sa conception durable et fiable et sa large gamme d'applications, qui peuvent r\u00e9pondre aux divers besoins des diff\u00e9rents clients sur le march\u00e9 international.<\/p>\n<p><strong>Nous recrutons sinc\u00e8rement des agents internationaux :<\/strong><br \/>\nODM, OEM, personnalisable<br \/>\nDes remises sont accord\u00e9es pour les commandes en gros,<br \/>\nLes fabricants ont des stocks et livrent rapidement,<br \/>\nLe service client\u00e8le est disponible 24 heures sur 24 en ligne,<br \/>\nRemplissez les informations, obtenez un devis et devenez notre agent !<\/p>\n<p><img decoding=\"async\" class=\"img-fluid\" src=\"https:\/\/www.rippa.com\/wp-content\/uploads\/2025\/01\/%E6%9C%AA%E6%A0%87%E9%A2%98-5.jpg\" alt=\"Chinese Mini Excavator-Loader-Rippa Forklift-Rippa Group\" \/><\/p>","protected":false},"featured_media":1274,"parent":0,"template":"","meta":{"_acf_changed":false,"_seopress_robots_primary_cat":"none","_seopress_titles_title":"","_seopress_titles_desc":"","_seopress_robots_index":""},"categoryproduct":[24],"class_list":["post-1271","product","type-product","status-publish","has-post-thumbnail","hentry","categoryproduct-backhoe-loader"],"acf":[],"_links":{"self":[{"href":"http:\/\/rippa-machinery.com\/fr\/wp-json\/wp\/v2\/product\/1271","targetHints":{"allow":["GET"]}}],"collection":[{"href":"http:\/\/rippa-machinery.com\/fr\/wp-json\/wp\/v2\/product"}],"about":[{"href":"http:\/\/rippa-machinery.com\/fr\/wp-json\/wp\/v2\/types\/product"}],"wp:featuredmedia":[{"embeddable":true,"href":"http:\/\/rippa-machinery.com\/fr\/wp-json\/wp\/v2\/media\/1274"}],"wp:attachment":[{"href":"http:\/\/rippa-machinery.com\/fr\/wp-json\/wp\/v2\/media?parent=1271"}],"wp:term":[{"taxonomy":"categoryproduct","embeddable":true,"href":"http:\/\/rippa-machinery.com\/fr\/wp-json\/wp\/v2\/categoryproduct?post=1271"}],"curies":[{"name":"wp","href":"https:\/\/api.w.org\/{rel}","templated":true}]}}