
{"id":1264,"date":"2025-05-11T14:25:22","date_gmt":"2025-05-11T06:25:22","guid":{"rendered":"https:https:\/\/www.rippa-machinery.com\/\/?post_type=product&#038;p=1264"},"modified":"2025-05-11T14:49:40","modified_gmt":"2025-05-11T06:49:40","slug":"backhoe-loader-rb25","status":"publish","type":"product","link":"http:\/\/rippa-machinery.com\/fr\/product\/backhoe-loader-rb25\/","title":{"rendered":"Chargeuse-pelleteuse RB25"},"content":{"rendered":"<p><img loading=\"lazy\" decoding=\"async\" class=\"alignnone size-full wp-image-1708\" src=\"https:\/\/www.rippa.com\/wp-content\/uploads\/2024\/09\/CE.jpg\" sizes=\"auto, (max-width: 56px) 100vw, 56px\" srcset=\"https:\/\/www.rippa.com\/wp-content\/uploads\/2024\/09\/CE.jpg 56w, https:\/\/www.rippa.com\/wp-content\/uploads\/2024\/09\/CE-18x9.jpg 18w\" alt=\"\" width=\"56\" height=\"29\" \/>\u00a0\u00a0<img loading=\"lazy\" decoding=\"async\" class=\"alignnone size-full wp-image-1709\" src=\"https:\/\/www.rippa.com\/wp-content\/uploads\/2024\/09\/EPA-4.jpg\" sizes=\"auto, (max-width: 56px) 100vw, 56px\" srcset=\"https:\/\/www.rippa.com\/wp-content\/uploads\/2024\/09\/EPA-4.jpg 56w, https:\/\/www.rippa.com\/wp-content\/uploads\/2024\/09\/EPA-4-18x9.jpg 18w\" alt=\"\" width=\"56\" height=\"29\" \/>\u00a0\u00a0<img loading=\"lazy\" decoding=\"async\" class=\"alignnone size-full wp-image-1710\" src=\"https:\/\/www.rippa.com\/wp-content\/uploads\/2024\/09\/%E6%AC%A7%E4%BA%94.jpg\" sizes=\"auto, (max-width: 56px) 100vw, 56px\" srcset=\"https:\/\/www.rippa.com\/wp-content\/uploads\/2024\/09\/\u6b27\u4e94.jpg 56w, https:\/\/www.rippa.com\/wp-content\/uploads\/2024\/09\/\u6b27\u4e94-18x9.jpg 18w\" alt=\"\" width=\"56\" height=\"29\" \/><\/p>\n<p>La large applicabilit\u00e9 et la puissante configuration m\u00e9canique de la chargeuse-pelleteuse RB25 lui ont valu une grande popularit\u00e9 sur le march\u00e9 international. L'exp\u00e9rience de conduite confortable, la conception optimis\u00e9e des commandes et l'optimisation de la consommation de carburant et de la durabilit\u00e9 ont \u00e9galement augment\u00e9 sa comp\u00e9titivit\u00e9 sur le march\u00e9 mondial. En particulier sur le march\u00e9 \u00e9tranger, avec l'am\u00e9lioration continue des exigences en mati\u00e8re de protection de l'environnement et de fonctionnement efficace, la RB25 r\u00e9pond sans aucun doute \u00e0 ces exigences et renforce l'influence de la marque Ripa.<\/p>\n<p>Nous recrutons sinc\u00e8rement des agents internationaux :<br \/>\nODM, OEM, vente en gros<br \/>\nLes commandes peuvent b\u00e9n\u00e9ficier de prix r\u00e9duits.<br \/>\nLe fabricant dispose d'un stock et d'une livraison rapide.<br \/>\nLe personnel du service client\u00e8le fournit des services en ligne 24 heures sur 24.<br \/>\nRemplissez les informations, obtenez un devis et devenez notre agent !<\/p>\n<p>&nbsp;<\/p>\n<p><img decoding=\"async\" class=\"img-fluid\" src=\"https:\/\/www.rippa.com\/wp-content\/uploads\/2025\/01\/%E6%9C%AA%E6%A0%87%E9%A2%98-5.jpg\" alt=\"Chinese Mini Excavator-Loader-Rippa Forklift-Rippa Group\" \/><\/p>","protected":false},"featured_media":1267,"parent":0,"template":"","meta":{"_acf_changed":false,"_seopress_robots_primary_cat":"none","_seopress_titles_title":"","_seopress_titles_desc":"","_seopress_robots_index":""},"categoryproduct":[24],"class_list":["post-1264","product","type-product","status-publish","has-post-thumbnail","hentry","categoryproduct-backhoe-loader"],"acf":[],"_links":{"self":[{"href":"http:\/\/rippa-machinery.com\/fr\/wp-json\/wp\/v2\/product\/1264","targetHints":{"allow":["GET"]}}],"collection":[{"href":"http:\/\/rippa-machinery.com\/fr\/wp-json\/wp\/v2\/product"}],"about":[{"href":"http:\/\/rippa-machinery.com\/fr\/wp-json\/wp\/v2\/types\/product"}],"wp:featuredmedia":[{"embeddable":true,"href":"http:\/\/rippa-machinery.com\/fr\/wp-json\/wp\/v2\/media\/1267"}],"wp:attachment":[{"href":"http:\/\/rippa-machinery.com\/fr\/wp-json\/wp\/v2\/media?parent=1264"}],"wp:term":[{"taxonomy":"categoryproduct","embeddable":true,"href":"http:\/\/rippa-machinery.com\/fr\/wp-json\/wp\/v2\/categoryproduct?post=1264"}],"curies":[{"name":"wp","href":"https:\/\/api.w.org\/{rel}","templated":true}]}}