
{"id":1259,"date":"2025-05-11T14:27:56","date_gmt":"2025-05-11T06:27:56","guid":{"rendered":"https:https:\/\/www.rippa-machinery.com\/\/?post_type=product&#038;p=1259"},"modified":"2025-05-11T14:51:35","modified_gmt":"2025-05-11T06:51:35","slug":"backhoe-loader-rb18","status":"publish","type":"product","link":"http:\/\/rippa-machinery.com\/fr\/product\/backhoe-loader-rb18\/","title":{"rendered":"Chargeuse-pelleteuse RB18"},"content":{"rendered":"<p>La chargeuse-pelleteuse RB18 est dot\u00e9e de performances \u00e9lev\u00e9es, d'un syst\u00e8me hydraulique, d'un mat\u00e9riel de haute qualit\u00e9 et efficace, d'une conception humanis\u00e9e, d'une large applicabilit\u00e9, d'une s\u00e9curit\u00e9 et d'une fiabilit\u00e9, et constitue un choix id\u00e9al pour le commerce d'exportation.<\/p>\n<p><strong>Nous recherchons des agents internationaux :<\/strong><br \/>\nODM, OEM, vente en gros<br \/>\nLes commandes peuvent b\u00e9n\u00e9ficier de r\u00e9ductions.<br \/>\nLe fabricant a du stock et livre rapidement.<br \/>\nLe personnel du service client\u00e8le est en ligne 24 heures sur 24 pour fournir des services.<br \/>\nRemplissez les informations, obtenez un devis et devenez notre agent !<\/p>\n<p><img decoding=\"async\" class=\"img-fluid\" src=\"https:\/\/www.rippa.com\/wp-content\/uploads\/2025\/01\/%E6%9C%AA%E6%A0%87%E9%A2%98-5.jpg\" alt=\"Chinese Mini Excavator-Loader-Rippa Forklift-Rippa Group\" \/><\/p>","protected":false},"featured_media":1262,"parent":0,"template":"","meta":{"_acf_changed":false,"_seopress_robots_primary_cat":"none","_seopress_titles_title":"","_seopress_titles_desc":"","_seopress_robots_index":""},"categoryproduct":[24],"class_list":["post-1259","product","type-product","status-publish","has-post-thumbnail","hentry","categoryproduct-backhoe-loader"],"acf":[],"_links":{"self":[{"href":"http:\/\/rippa-machinery.com\/fr\/wp-json\/wp\/v2\/product\/1259","targetHints":{"allow":["GET"]}}],"collection":[{"href":"http:\/\/rippa-machinery.com\/fr\/wp-json\/wp\/v2\/product"}],"about":[{"href":"http:\/\/rippa-machinery.com\/fr\/wp-json\/wp\/v2\/types\/product"}],"wp:featuredmedia":[{"embeddable":true,"href":"http:\/\/rippa-machinery.com\/fr\/wp-json\/wp\/v2\/media\/1262"}],"wp:attachment":[{"href":"http:\/\/rippa-machinery.com\/fr\/wp-json\/wp\/v2\/media?parent=1259"}],"wp:term":[{"taxonomy":"categoryproduct","embeddable":true,"href":"http:\/\/rippa-machinery.com\/fr\/wp-json\/wp\/v2\/categoryproduct?post=1259"}],"curies":[{"name":"wp","href":"https:\/\/api.w.org\/{rel}","templated":true}]}}