
{"id":1254,"date":"2025-05-01T14:20:11","date_gmt":"2025-05-01T06:20:11","guid":{"rendered":"https:https:\/\/www.rippa-machinery.com\/\/?post_type=product&#038;p=1254"},"modified":"2025-05-11T14:42:14","modified_gmt":"2025-05-11T06:42:14","slug":"r420-large-excavator","status":"publish","type":"product","link":"http:\/\/rippa-machinery.com\/fr\/product\/r420-large-excavator\/","title":{"rendered":"R420 Grande pelleteuse"},"content":{"rendered":"<p>La grande pelle R420 pr\u00e9sente de nombreux avantages en termes de puissance, d'\u00e9conomie d'\u00e9nergie, de contr\u00f4le, de durabilit\u00e9, de confort, d'entretien et de service apr\u00e8s-vente, et constitue le meilleur choix pour le commerce d'exportation.<\/p>\n<p>Nous recrutons sinc\u00e8rement des agents internationaux :<br \/>\nODM, OEM, personnalisable<br \/>\nDes remises sont accord\u00e9es pour les commandes en gros.<br \/>\nLe fabricant a des stocks et livre rapidement.<br \/>\nLe personnel du service client\u00e8le est en ligne 24 heures sur 24.<br \/>\nRemplissez les informations, obtenez un devis et devenez notre agent !<\/p>\n<p><img decoding=\"async\" class=\"img-fluid\" src=\"https:\/\/www.rippa.com\/wp-content\/uploads\/2025\/01\/%E6%9C%AA%E6%A0%87%E9%A2%98-5.jpg\" alt=\"Chinese Mini Excavator-Loader-Rippa Forklift-Rippa Group\" \/><\/p>","protected":false},"featured_media":1257,"parent":0,"template":"","meta":{"_acf_changed":false,"_seopress_robots_primary_cat":"none","_seopress_titles_title":"","_seopress_titles_desc":"","_seopress_robots_index":""},"categoryproduct":[21],"class_list":["post-1254","product","type-product","status-publish","has-post-thumbnail","hentry","categoryproduct-large-excavator"],"acf":[],"_links":{"self":[{"href":"http:\/\/rippa-machinery.com\/fr\/wp-json\/wp\/v2\/product\/1254","targetHints":{"allow":["GET"]}}],"collection":[{"href":"http:\/\/rippa-machinery.com\/fr\/wp-json\/wp\/v2\/product"}],"about":[{"href":"http:\/\/rippa-machinery.com\/fr\/wp-json\/wp\/v2\/types\/product"}],"wp:featuredmedia":[{"embeddable":true,"href":"http:\/\/rippa-machinery.com\/fr\/wp-json\/wp\/v2\/media\/1257"}],"wp:attachment":[{"href":"http:\/\/rippa-machinery.com\/fr\/wp-json\/wp\/v2\/media?parent=1254"}],"wp:term":[{"taxonomy":"categoryproduct","embeddable":true,"href":"http:\/\/rippa-machinery.com\/fr\/wp-json\/wp\/v2\/categoryproduct?post=1254"}],"curies":[{"name":"wp","href":"https:\/\/api.w.org\/{rel}","templated":true}]}}