
{"id":1235,"date":"2025-05-02T14:04:30","date_gmt":"2025-05-02T06:04:30","guid":{"rendered":"https:https:\/\/www.rippa-machinery.com\/\/?post_type=product&#038;p=1235"},"modified":"2025-05-11T14:41:44","modified_gmt":"2025-05-11T06:41:44","slug":"r320-large-excavator","status":"publish","type":"product","link":"http:\/\/rippa-machinery.com\/fr\/product\/r320-large-excavator\/","title":{"rendered":"Grande pelle R320"},"content":{"rendered":"<p>La grande pelle R320 est tr\u00e8s comp\u00e9titive sur le march\u00e9 des pelles gr\u00e2ce \u00e0 ses principaux arguments de vente, tels qu'un syst\u00e8me de puissance efficace, des \u00e9conomies d'\u00e9nergie et une r\u00e9duction de la consommation, un contr\u00f4le intelligent, la durabilit\u00e9 et la fiabilit\u00e9, une conception humanis\u00e9e, une maintenance pratique, un support de service parfait, une configuration et des options am\u00e9lior\u00e9es, une protection de l'environnement verte, etc.<\/p>\n<p><strong>Nous vous prions de bien vouloir recruter des agents internationaux :<\/strong><br \/>\nODM, OEM, personnalisable<br \/>\nLes commandes en gros peuvent b\u00e9n\u00e9ficier de prix r\u00e9duits.<br \/>\nLe fabricant dispose d'un stock et d'une livraison rapide.<br \/>\nLe personnel du service client\u00e8le fournit des services en ligne 24 heures sur 24.<br \/>\nRemplissez les informations, obtenez un devis et devenez notre agent !<\/p>\n<p><img decoding=\"async\" class=\"img-fluid\" src=\"https:\/\/www.rippa.com\/wp-content\/uploads\/2025\/01\/%E6%9C%AA%E6%A0%87%E9%A2%98-5.jpg\" alt=\"Chinese Mini Excavator-Loader-Rippa Forklift-Rippa Group\" \/><\/p>","protected":false},"featured_media":1239,"parent":0,"template":"","meta":{"_acf_changed":false,"_seopress_robots_primary_cat":"none","_seopress_titles_title":"","_seopress_titles_desc":"","_seopress_robots_index":""},"categoryproduct":[21],"class_list":["post-1235","product","type-product","status-publish","has-post-thumbnail","hentry","categoryproduct-large-excavator"],"acf":[],"_links":{"self":[{"href":"http:\/\/rippa-machinery.com\/fr\/wp-json\/wp\/v2\/product\/1235","targetHints":{"allow":["GET"]}}],"collection":[{"href":"http:\/\/rippa-machinery.com\/fr\/wp-json\/wp\/v2\/product"}],"about":[{"href":"http:\/\/rippa-machinery.com\/fr\/wp-json\/wp\/v2\/types\/product"}],"wp:featuredmedia":[{"embeddable":true,"href":"http:\/\/rippa-machinery.com\/fr\/wp-json\/wp\/v2\/media\/1239"}],"wp:attachment":[{"href":"http:\/\/rippa-machinery.com\/fr\/wp-json\/wp\/v2\/media?parent=1235"}],"wp:term":[{"taxonomy":"categoryproduct","embeddable":true,"href":"http:\/\/rippa-machinery.com\/fr\/wp-json\/wp\/v2\/categoryproduct?post=1235"}],"curies":[{"name":"wp","href":"https:\/\/api.w.org\/{rel}","templated":true}]}}