
{"id":1206,"date":"2025-05-11T14:49:20","date_gmt":"2025-05-11T06:49:20","guid":{"rendered":"https:https:\/\/www.rippa-machinery.com\/\/?post_type=product&#038;p=1206"},"modified":"2025-05-11T14:47:28","modified_gmt":"2025-05-11T06:47:28","slug":"rl50-wheel-loader","status":"publish","type":"product","link":"http:\/\/rippa-machinery.com\/fr\/product\/rl50-wheel-loader\/","title":{"rendered":"Chargeuse sur pneus RL50"},"content":{"rendered":"<p>La chargeuse RIPPA RL50 poss\u00e8de un avantage concurrentiel significatif sur le march\u00e9 des chargeuses gr\u00e2ce \u00e0 ses performances \u00e9lev\u00e9es, sa polyvalence, sa facilit\u00e9 d'utilisation et d'entretien, ses excellentes caract\u00e9ristiques de conception et son excellent rapport qualit\u00e9-prix.<\/p>\n<p><strong>Recrutement d'agents internationaux :<\/strong><br \/>\nODM, OEM, personnalisable<br \/>\nDes remises sont accord\u00e9es pour les commandes en gros.<br \/>\nInventaire d'usine et livraison rapide.<br \/>\nLe personnel du service client\u00e8le est en ligne 24 heures sur 24 pour fournir des services.<br \/>\nRemplissez les informations, obtenez un devis et devenez notre agent !<\/p>\n<p><img decoding=\"async\" class=\"img-fluid\" src=\"https:\/\/www.rippa.com\/wp-content\/uploads\/2025\/01\/%E6%9C%AA%E6%A0%87%E9%A2%98-5.jpg\" alt=\"Chinese Mini Excavator-Loader-Rippa Forklift-Rippa Group\" \/><\/p>","protected":false},"featured_media":1296,"parent":0,"template":"","meta":{"_acf_changed":false,"_seopress_robots_primary_cat":"none","_seopress_titles_title":"","_seopress_titles_desc":"","_seopress_robots_index":""},"categoryproduct":[23],"class_list":["post-1206","product","type-product","status-publish","has-post-thumbnail","hentry","categoryproduct-wheel-loader"],"acf":[],"_links":{"self":[{"href":"http:\/\/rippa-machinery.com\/fr\/wp-json\/wp\/v2\/product\/1206","targetHints":{"allow":["GET"]}}],"collection":[{"href":"http:\/\/rippa-machinery.com\/fr\/wp-json\/wp\/v2\/product"}],"about":[{"href":"http:\/\/rippa-machinery.com\/fr\/wp-json\/wp\/v2\/types\/product"}],"wp:featuredmedia":[{"embeddable":true,"href":"http:\/\/rippa-machinery.com\/fr\/wp-json\/wp\/v2\/media\/1296"}],"wp:attachment":[{"href":"http:\/\/rippa-machinery.com\/fr\/wp-json\/wp\/v2\/media?parent=1206"}],"wp:term":[{"taxonomy":"categoryproduct","embeddable":true,"href":"http:\/\/rippa-machinery.com\/fr\/wp-json\/wp\/v2\/categoryproduct?post=1206"}],"curies":[{"name":"wp","href":"https:\/\/api.w.org\/{rel}","templated":true}]}}