
{"id":1172,"date":"2025-05-11T14:55:59","date_gmt":"2025-05-11T06:55:59","guid":{"rendered":"https:https:\/\/www.rippa-machinery.com\/\/?post_type=product&#038;p=1172"},"modified":"2025-05-11T14:47:06","modified_gmt":"2025-05-11T06:47:06","slug":"rl30-wheel-loader","status":"publish","type":"product","link":"http:\/\/rippa-machinery.com\/fr\/product\/rl30-wheel-loader\/","title":{"rendered":"Chargeuse sur pneus RL30"},"content":{"rendered":"<p>La chargeuse sur pneus RL30 est devenue un produit d'ing\u00e9nierie de haute qualit\u00e9 qui a attir\u00e9 beaucoup d'attention sur le march\u00e9 gr\u00e2ce \u00e0 ses hautes performances, sa grande efficacit\u00e9, sa grande durabilit\u00e9, son environnement de travail confortable et son syst\u00e8me de service apr\u00e8s-vente parfait.<\/p>\n<p><strong>Nous recrutons sinc\u00e8rement des agents internationaux :<\/strong><br \/>\nODM, OEM, personnalisable<br \/>\nDes remises sont accord\u00e9es pour les commandes en gros.<br \/>\nLe fabricant a des stocks et livre rapidement.<br \/>\nLe personnel du service client\u00e8le fournit des services en ligne 24 heures sur 24.<br \/>\nRemplissez les informations, obtenez un devis et devenez notre agent !<\/p>\n<p><img decoding=\"async\" class=\"img-fluid\" src=\"https:\/\/www.rippa.com\/wp-content\/uploads\/2025\/01\/%E6%9C%AA%E6%A0%87%E9%A2%98-5.jpg\" alt=\"Chinese Mini Excavator-Loader-Rippa Forklift-Rippa Group\" \/><\/p>","protected":false},"featured_media":1308,"parent":0,"template":"","meta":{"_acf_changed":false,"_seopress_robots_primary_cat":"none","_seopress_titles_title":"","_seopress_titles_desc":"","_seopress_robots_index":""},"categoryproduct":[23],"class_list":["post-1172","product","type-product","status-publish","has-post-thumbnail","hentry","categoryproduct-wheel-loader"],"acf":[],"_links":{"self":[{"href":"http:\/\/rippa-machinery.com\/fr\/wp-json\/wp\/v2\/product\/1172","targetHints":{"allow":["GET"]}}],"collection":[{"href":"http:\/\/rippa-machinery.com\/fr\/wp-json\/wp\/v2\/product"}],"about":[{"href":"http:\/\/rippa-machinery.com\/fr\/wp-json\/wp\/v2\/types\/product"}],"wp:featuredmedia":[{"embeddable":true,"href":"http:\/\/rippa-machinery.com\/fr\/wp-json\/wp\/v2\/media\/1308"}],"wp:attachment":[{"href":"http:\/\/rippa-machinery.com\/fr\/wp-json\/wp\/v2\/media?parent=1172"}],"wp:term":[{"taxonomy":"categoryproduct","embeddable":true,"href":"http:\/\/rippa-machinery.com\/fr\/wp-json\/wp\/v2\/categoryproduct?post=1172"}],"curies":[{"name":"wp","href":"https:\/\/api.w.org\/{rel}","templated":true}]}}