
{"id":1166,"date":"2025-05-11T14:56:11","date_gmt":"2025-05-11T06:56:11","guid":{"rendered":"https:https:\/\/www.rippa-machinery.com\/\/?post_type=product&#038;p=1166"},"modified":"2025-05-11T14:46:58","modified_gmt":"2025-05-11T06:46:58","slug":"rl20-wheel-loader","status":"publish","type":"product","link":"http:\/\/rippa-machinery.com\/fr\/product\/rl20-wheel-loader\/","title":{"rendered":"Chargeuse sur pneus RL20"},"content":{"rendered":"<p>Gr\u00e2ce \u00e0 ses principaux arguments de vente, tels que son rendement \u00e9lev\u00e9, sa faible consommation de carburant, sa puissance \u00e9lev\u00e9e, sa facilit\u00e9 d'utilisation et d'entretien, sa robustesse, sa conception humanis\u00e9e et ses nombreux accessoires, la chargeuse RL20 poss\u00e8de un avantage significatif sur le march\u00e9 des chargeuses et constitue un choix id\u00e9al pour le commerce d'exportation.<\/p>\n<p><strong>Nous recrutons sinc\u00e8rement des agents internationaux :<\/strong><br \/>\nODM, OEM, personnalisable<br \/>\nDes remises sont accord\u00e9es pour les commandes en gros.<br \/>\nLe fabricant a des stocks et livre rapidement.<br \/>\nLe personnel du service client\u00e8le est en ligne 24 heures sur 24.<br \/>\nRemplissez vos informations, obtenez un devis et devenez notre agent !<\/p>\n<p><img decoding=\"async\" class=\"img-fluid\" src=\"https:\/\/www.rippa.com\/wp-content\/uploads\/2025\/01\/%E6%9C%AA%E6%A0%87%E9%A2%98-5.jpg\" alt=\"Chinese Mini Excavator-Loader-Rippa Forklift-Rippa Group\" \/><\/p>","protected":false},"featured_media":1315,"parent":0,"template":"","meta":{"_acf_changed":false,"_seopress_robots_primary_cat":"none","_seopress_titles_title":"","_seopress_titles_desc":"","_seopress_robots_index":""},"categoryproduct":[23],"class_list":["post-1166","product","type-product","status-publish","has-post-thumbnail","hentry","categoryproduct-wheel-loader"],"acf":[],"_links":{"self":[{"href":"http:\/\/rippa-machinery.com\/fr\/wp-json\/wp\/v2\/product\/1166","targetHints":{"allow":["GET"]}}],"collection":[{"href":"http:\/\/rippa-machinery.com\/fr\/wp-json\/wp\/v2\/product"}],"about":[{"href":"http:\/\/rippa-machinery.com\/fr\/wp-json\/wp\/v2\/types\/product"}],"wp:featuredmedia":[{"embeddable":true,"href":"http:\/\/rippa-machinery.com\/fr\/wp-json\/wp\/v2\/media\/1315"}],"wp:attachment":[{"href":"http:\/\/rippa-machinery.com\/fr\/wp-json\/wp\/v2\/media?parent=1166"}],"wp:term":[{"taxonomy":"categoryproduct","embeddable":true,"href":"http:\/\/rippa-machinery.com\/fr\/wp-json\/wp\/v2\/categoryproduct?post=1166"}],"curies":[{"name":"wp","href":"https:\/\/api.w.org\/{rel}","templated":true}]}}