
{"id":1152,"date":"2025-04-11T13:49:56","date_gmt":"2025-04-11T05:49:56","guid":{"rendered":"https:https:\/\/www.rippa-machinery.com\/\/?post_type=product&#038;p=1152"},"modified":"2025-05-11T14:22:39","modified_gmt":"2025-05-11T06:22:39","slug":"r535-rough-terrain-forklift","status":"publish","type":"product","link":"http:\/\/rippa-machinery.com\/fr\/product\/r535-rough-terrain-forklift\/","title":{"rendered":"R535 Chariot \u00e9l\u00e9vateur tout terrain"},"content":{"rendered":"<p>Le chariot \u00e9l\u00e9vateur tout-terrain R535 est connu pour ses excellentes performances tout-terrain. Il peut facilement s'adapter aux terrains boueux, accident\u00e9s et autres terrains complexes, garantissant ainsi des op\u00e9rations illimit\u00e9es. Son puissant syst\u00e8me d'alimentation et la conception stable de sa carrosserie lui conf\u00e8rent une forte capacit\u00e9 de charge et une grande efficacit\u00e9 op\u00e9rationnelle. En m\u00eame temps, le chariot \u00e9l\u00e9vateur tout-terrain a une op\u00e9rabilit\u00e9 flexible et des performances de contr\u00f4le pr\u00e9cises pour r\u00e9pondre aux diff\u00e9rents besoins d'exploitation. Durable, fiable, facile \u00e0 entretenir et aux co\u00fbts d'utilisation r\u00e9duits, le chariot \u00e9l\u00e9vateur tout-terrain R535 est un choix id\u00e9al pour am\u00e9liorer l'efficacit\u00e9 op\u00e9rationnelle, \u00e9largir le champ d'action et assurer la s\u00e9curit\u00e9 des op\u00e9rations.<\/p>\n<p><strong>Recrutement d'agents dans le monde entier :<\/strong><br \/>\nODM, OEM, personnalisable<br \/>\nDes prix r\u00e9duits sont disponibles pour les commandes en gros.<br \/>\nLes fabricants ont des stocks et assurent une livraison rapide.<br \/>\nLe personnel d'assistance \u00e0 la client\u00e8le est en ligne 24 heures sur 24 pour fournir des services.<br \/>\nRemplissez les informations, obtenez un devis et devenez notre agent !<\/p>\n<p><img decoding=\"async\" class=\"img-fluid\" src=\"https:\/\/www.rippa.com\/wp-content\/uploads\/2025\/01\/%E6%9C%AA%E6%A0%87%E9%A2%98-5.jpg\" alt=\"Chinese Mini Excavator-Loader-Rippa Forklift-Rippa Group\" \/><\/p>","protected":false},"featured_media":1167,"parent":0,"template":"","meta":{"_acf_changed":false,"_seopress_robots_primary_cat":"none","_seopress_titles_title":"","_seopress_titles_desc":"","_seopress_robots_index":""},"categoryproduct":[22],"class_list":["post-1152","product","type-product","status-publish","has-post-thumbnail","hentry","categoryproduct-rippa-forklift"],"acf":[],"_links":{"self":[{"href":"http:\/\/rippa-machinery.com\/fr\/wp-json\/wp\/v2\/product\/1152","targetHints":{"allow":["GET"]}}],"collection":[{"href":"http:\/\/rippa-machinery.com\/fr\/wp-json\/wp\/v2\/product"}],"about":[{"href":"http:\/\/rippa-machinery.com\/fr\/wp-json\/wp\/v2\/types\/product"}],"wp:featuredmedia":[{"embeddable":true,"href":"http:\/\/rippa-machinery.com\/fr\/wp-json\/wp\/v2\/media\/1167"}],"wp:attachment":[{"href":"http:\/\/rippa-machinery.com\/fr\/wp-json\/wp\/v2\/media?parent=1152"}],"wp:term":[{"taxonomy":"categoryproduct","embeddable":true,"href":"http:\/\/rippa-machinery.com\/fr\/wp-json\/wp\/v2\/categoryproduct?post=1152"}],"curies":[{"name":"wp","href":"https:\/\/api.w.org\/{rel}","templated":true}]}}