
{"id":1085,"date":"2025-05-11T10:00:44","date_gmt":"2025-05-11T02:00:44","guid":{"rendered":"https:https:\/\/www.rippa-machinery.com\/\/?post_type=product&#038;p=1085"},"modified":"2025-05-11T14:08:17","modified_gmt":"2025-05-11T06:08:17","slug":"rf30-diesel-forklift","status":"publish","type":"product","link":"http:\/\/rippa-machinery.com\/fr\/product\/rf30-diesel-forklift\/","title":{"rendered":"Chariot \u00e9l\u00e9vateur diesel RF30"},"content":{"rendered":"<p>Le chariot \u00e9l\u00e9vateur diesel RF30 est devenu un choix id\u00e9al pour le commerce d'exportation gr\u00e2ce \u00e0 ses performances puissantes, sa haute qualit\u00e9, sa durabilit\u00e9, sa conception multifonctionnelle, son service apr\u00e8s-vente parfait et la force de sa marque.<\/p>\n<p><strong>Recrutement d'agents dans le monde entier :<\/strong><br \/>\nODM, OEM, personnalisable<br \/>\nDes prix r\u00e9duits sont disponibles pour les commandes en gros.<br \/>\nLes fabricants ont des stocks et assurent une livraison rapide.<br \/>\nLe personnel d'assistance \u00e0 la client\u00e8le est en ligne 24 heures sur 24 pour fournir des services.<br \/>\nRemplissez les informations, obtenez un devis et devenez notre agent !<\/p>\n<p><img decoding=\"async\" class=\"img-fluid\" src=\"https:\/\/www.rippa.com\/wp-content\/uploads\/2025\/01\/%E6%9C%AA%E6%A0%87%E9%A2%98-5.jpg\" alt=\"Chinese Mini Excavator-Loader-Rippa Forklift-Rippa Group\" \/><\/p>","protected":false},"featured_media":1263,"parent":0,"template":"","meta":{"_acf_changed":false,"_seopress_robots_primary_cat":"none","_seopress_titles_title":"","_seopress_titles_desc":"","_seopress_robots_index":""},"categoryproduct":[22],"class_list":["post-1085","product","type-product","status-publish","has-post-thumbnail","hentry","categoryproduct-rippa-forklift"],"acf":[],"_links":{"self":[{"href":"http:\/\/rippa-machinery.com\/fr\/wp-json\/wp\/v2\/product\/1085","targetHints":{"allow":["GET"]}}],"collection":[{"href":"http:\/\/rippa-machinery.com\/fr\/wp-json\/wp\/v2\/product"}],"about":[{"href":"http:\/\/rippa-machinery.com\/fr\/wp-json\/wp\/v2\/types\/product"}],"wp:featuredmedia":[{"embeddable":true,"href":"http:\/\/rippa-machinery.com\/fr\/wp-json\/wp\/v2\/media\/1263"}],"wp:attachment":[{"href":"http:\/\/rippa-machinery.com\/fr\/wp-json\/wp\/v2\/media?parent=1085"}],"wp:term":[{"taxonomy":"categoryproduct","embeddable":true,"href":"http:\/\/rippa-machinery.com\/fr\/wp-json\/wp\/v2\/categoryproduct?post=1085"}],"curies":[{"name":"wp","href":"https:\/\/api.w.org\/{rel}","templated":true}]}}