
{"id":1079,"date":"2025-05-11T09:58:00","date_gmt":"2025-05-11T01:58:00","guid":{"rendered":"https:https:\/\/www.rippa-machinery.com\/\/?post_type=product&#038;p=1079"},"modified":"2025-05-11T14:13:05","modified_gmt":"2025-05-11T06:13:05","slug":"rf35-diesel-forklift","status":"publish","type":"product","link":"http:\/\/rippa-machinery.com\/fr\/product\/rf35-diesel-forklift\/","title":{"rendered":"Chariot \u00e9l\u00e9vateur diesel RF35"},"content":{"rendered":"<p>Le chariot \u00e9l\u00e9vateur diesel RF35 est tr\u00e8s performant et fiable. Il est \u00e9quip\u00e9 de r\u00e9troviseurs, de phares de travail, de cadres de porte \u00e9pais, etc. pour am\u00e9liorer la s\u00e9curit\u00e9 et la praticit\u00e9. La structure stable assure la stabilit\u00e9 et la s\u00e9curit\u00e9 du chariot \u00e9l\u00e9vateur sous de lourdes charges. Avec ses excellentes performances et sa fiabilit\u00e9, le chariot \u00e9l\u00e9vateur diesel RF35 convient \u00e0 la logistique, \u00e0 l'entreposage, \u00e0 la fabrication et \u00e0 d'autres domaines.<\/p>\n<p><strong>Recrutement d'agents dans le monde entier :<\/strong><br \/>\nODM, OEM, personnalisable<br \/>\nDes prix r\u00e9duits sont disponibles pour les commandes en gros.<br \/>\nLes fabricants ont des stocks et assurent une livraison rapide.<br \/>\nLe personnel d'assistance \u00e0 la client\u00e8le est en ligne 24 heures sur 24 pour fournir des services.<br \/>\nRemplissez les informations, obtenez un devis et devenez notre agent !<\/p>\n<p><img decoding=\"async\" class=\"img-fluid\" src=\"https:\/\/www.rippa.com\/wp-content\/uploads\/2025\/01\/%E6%9C%AA%E6%A0%87%E9%A2%98-5.jpg\" alt=\"Chinese Mini Excavator-Loader-Rippa Forklift-Rippa Group\" \/><\/p>","protected":false},"featured_media":1280,"parent":0,"template":"","meta":{"_acf_changed":false,"_seopress_robots_primary_cat":"none","_seopress_titles_title":"","_seopress_titles_desc":"","_seopress_robots_index":""},"categoryproduct":[22],"class_list":["post-1079","product","type-product","status-publish","has-post-thumbnail","hentry","categoryproduct-rippa-forklift"],"acf":[],"_links":{"self":[{"href":"http:\/\/rippa-machinery.com\/fr\/wp-json\/wp\/v2\/product\/1079","targetHints":{"allow":["GET"]}}],"collection":[{"href":"http:\/\/rippa-machinery.com\/fr\/wp-json\/wp\/v2\/product"}],"about":[{"href":"http:\/\/rippa-machinery.com\/fr\/wp-json\/wp\/v2\/types\/product"}],"wp:featuredmedia":[{"embeddable":true,"href":"http:\/\/rippa-machinery.com\/fr\/wp-json\/wp\/v2\/media\/1280"}],"wp:attachment":[{"href":"http:\/\/rippa-machinery.com\/fr\/wp-json\/wp\/v2\/media?parent=1079"}],"wp:term":[{"taxonomy":"categoryproduct","embeddable":true,"href":"http:\/\/rippa-machinery.com\/fr\/wp-json\/wp\/v2\/categoryproduct?post=1079"}],"curies":[{"name":"wp","href":"https:\/\/api.w.org\/{rel}","templated":true}]}}