
{"id":1073,"date":"2025-05-11T09:55:49","date_gmt":"2025-05-11T01:55:49","guid":{"rendered":"https:https:\/\/www.rippa-machinery.com\/\/?post_type=product&#038;p=1073"},"modified":"2025-05-11T14:14:34","modified_gmt":"2025-05-11T06:14:34","slug":"rf50-diesel-forklift","status":"publish","type":"product","link":"http:\/\/rippa-machinery.com\/fr\/product\/rf50-diesel-forklift\/","title":{"rendered":"Chariot \u00e9l\u00e9vateur diesel RF50"},"content":{"rendered":"<p>Les avantages du chariot \u00e9l\u00e9vateur diesel RF50 en termes de performances, de qualit\u00e9, de polyvalence, de confort de l'op\u00e9rateur, d'efficacit\u00e9 op\u00e9rationnelle et de force du fabricant contribueront \u00e0 attirer les clients \u00e9trangers et \u00e0 promouvoir le commerce d'exportation.<\/p>\n<p><strong>Recrutement d'agents dans le monde entier :<\/strong><br \/>\nODM, OEM, personnalisable<br \/>\nDes prix r\u00e9duits sont disponibles pour les commandes en gros.<br \/>\nLes fabricants ont des stocks et assurent une livraison rapide.<br \/>\nLe personnel d'assistance \u00e0 la client\u00e8le est en ligne 24 heures sur 24 pour fournir des services.<br \/>\nRemplissez les informations, obtenez un devis et devenez notre agent !<\/p>\n<p><img decoding=\"async\" class=\"img-fluid\" src=\"https:\/\/www.rippa.com\/wp-content\/uploads\/2025\/01\/%E6%9C%AA%E6%A0%87%E9%A2%98-5.jpg\" alt=\"Chinese Mini Excavator-Loader-Rippa Forklift-Rippa Group\" \/><\/p>","protected":false},"featured_media":1281,"parent":0,"template":"","meta":{"_acf_changed":false,"_seopress_robots_primary_cat":"none","_seopress_titles_title":"","_seopress_titles_desc":"","_seopress_robots_index":""},"categoryproduct":[22],"class_list":["post-1073","product","type-product","status-publish","has-post-thumbnail","hentry","categoryproduct-rippa-forklift"],"acf":[],"_links":{"self":[{"href":"http:\/\/rippa-machinery.com\/fr\/wp-json\/wp\/v2\/product\/1073","targetHints":{"allow":["GET"]}}],"collection":[{"href":"http:\/\/rippa-machinery.com\/fr\/wp-json\/wp\/v2\/product"}],"about":[{"href":"http:\/\/rippa-machinery.com\/fr\/wp-json\/wp\/v2\/types\/product"}],"wp:featuredmedia":[{"embeddable":true,"href":"http:\/\/rippa-machinery.com\/fr\/wp-json\/wp\/v2\/media\/1281"}],"wp:attachment":[{"href":"http:\/\/rippa-machinery.com\/fr\/wp-json\/wp\/v2\/media?parent=1073"}],"wp:term":[{"taxonomy":"categoryproduct","embeddable":true,"href":"http:\/\/rippa-machinery.com\/fr\/wp-json\/wp\/v2\/categoryproduct?post=1073"}],"curies":[{"name":"wp","href":"https:\/\/api.w.org\/{rel}","templated":true}]}}