
{"id":1064,"date":"2025-05-11T09:53:16","date_gmt":"2025-05-11T01:53:16","guid":{"rendered":"https:https:\/\/www.rippa-machinery.com\/\/?post_type=product&#038;p=1064"},"modified":"2025-05-11T14:09:00","modified_gmt":"2025-05-11T06:09:00","slug":"electric-forklift-rf15e","status":"publish","type":"product","link":"http:\/\/rippa-machinery.com\/fr\/product\/electric-forklift-rf15e\/","title":{"rendered":"Chariot \u00e9l\u00e9vateur \u00e9lectrique RF15E"},"content":{"rendered":"<p>Il est \u00e9quip\u00e9 d'accoudoirs larges et textur\u00e9s, de marches profondes antid\u00e9rapantes pour faciliter l'entr\u00e9e et la sortie, de commandes directionnelles actionn\u00e9es par le pouce, d'une d\u00e9connexion \u00e9lectrique c\u00f4t\u00e9 si\u00e8ge, d'un espace de rangement spacieux et facilement accessible sur le capot, et d'une colonne de direction inclinable avec m\u00e9moire d'inclinaison et fonctions t\u00e9lescopiques en option pour r\u00e9duire la fatigue de l'op\u00e9rateur.<\/p>\n<p><strong>Recrutement d'agents dans le monde entier :<\/strong><br \/>\nODM, OEM, personnalisable<br \/>\nDes prix r\u00e9duits sont disponibles pour les commandes en gros.<br \/>\nLes fabricants ont des stocks et assurent une livraison rapide.<br \/>\nLe personnel d'assistance \u00e0 la client\u00e8le est en ligne 24 heures sur 24 pour fournir des services.<br \/>\nRemplissez les informations, obtenez un devis et devenez notre agent !<\/p>\n<p><img decoding=\"async\" class=\"img-fluid\" src=\"https:\/\/www.rippa.com\/wp-content\/uploads\/2025\/01\/%E6%9C%AA%E6%A0%87%E9%A2%98-5.jpg\" alt=\"Chinese Mini Excavator-Loader-Rippa Forklift-Rippa Group\" \/><\/p>","protected":false},"featured_media":1268,"parent":0,"template":"","meta":{"_acf_changed":false,"_seopress_robots_primary_cat":"none","_seopress_titles_title":"","_seopress_titles_desc":"","_seopress_robots_index":""},"categoryproduct":[22],"class_list":["post-1064","product","type-product","status-publish","has-post-thumbnail","hentry","categoryproduct-rippa-forklift"],"acf":[],"_links":{"self":[{"href":"http:\/\/rippa-machinery.com\/fr\/wp-json\/wp\/v2\/product\/1064","targetHints":{"allow":["GET"]}}],"collection":[{"href":"http:\/\/rippa-machinery.com\/fr\/wp-json\/wp\/v2\/product"}],"about":[{"href":"http:\/\/rippa-machinery.com\/fr\/wp-json\/wp\/v2\/types\/product"}],"wp:featuredmedia":[{"embeddable":true,"href":"http:\/\/rippa-machinery.com\/fr\/wp-json\/wp\/v2\/media\/1268"}],"wp:attachment":[{"href":"http:\/\/rippa-machinery.com\/fr\/wp-json\/wp\/v2\/media?parent=1064"}],"wp:term":[{"taxonomy":"categoryproduct","embeddable":true,"href":"http:\/\/rippa-machinery.com\/fr\/wp-json\/wp\/v2\/categoryproduct?post=1064"}],"curies":[{"name":"wp","href":"https:\/\/api.w.org\/{rel}","templated":true}]}}