
{"id":1055,"date":"2025-05-11T09:43:14","date_gmt":"2025-05-11T01:43:14","guid":{"rendered":"https:https:\/\/www.rippa-machinery.com\/\/?post_type=product&#038;p=1055"},"modified":"2025-05-11T14:09:48","modified_gmt":"2025-05-11T06:09:48","slug":"electric-forklift-rf20e","status":"publish","type":"product","link":"http:\/\/rippa-machinery.com\/fr\/product\/electric-forklift-rf20e\/","title":{"rendered":"Chariot \u00e9l\u00e9vateur \u00e9lectrique RF20E"},"content":{"rendered":"<h1 class=\"pro-title\"><\/h1>\n<p>Le syst\u00e8me tout AC utilise des moteurs d'entra\u00eenement AC et des moteurs hydrauliques AC avanc\u00e9s pour obtenir des performances \u00e9lev\u00e9es \u00e0 un faible co\u00fbt. Les moteurs \u00e0 courant alternatif ne n\u00e9cessitent pas l'inspection ou le remplacement des brosses de moteur ou des r\u00e9servoirs, ce qui r\u00e9duit consid\u00e9rablement les co\u00fbts d'entretien de routine. Les moteurs \u00e0 courant alternatif offrent \u00e9galement un rendement \u00e9lev\u00e9, une longue dur\u00e9e de vie et un temps de fonctionnement plus long que les moteurs \u00e0 courant continu traditionnels. Les fonctions d'\u00e9conomie d'\u00e9nergie du chariot \u00e9l\u00e9vateur augmentent sa capacit\u00e9 \u00e0 fonctionner plus longtemps sans r\u00e9duire la productivit\u00e9 ou les performances.<\/p>\n<p><strong>Recrutement d'agents dans le monde entier :<\/strong><br \/>\nODM, OEM, personnalisable<br \/>\nDes prix r\u00e9duits sont disponibles pour les commandes en gros.<br \/>\nLes fabricants ont des stocks et assurent une livraison rapide.<br \/>\nLe personnel d'assistance \u00e0 la client\u00e8le est en ligne 24 heures sur 24 pour fournir des services.<br \/>\nRemplissez les informations, obtenez un devis et devenez notre agent !<\/p>\n<p><img decoding=\"async\" class=\"img-fluid\" src=\"https:\/\/www.rippa.com\/wp-content\/uploads\/2025\/01\/%E6%9C%AA%E6%A0%87%E9%A2%98-5.jpg\" alt=\"Chinese Mini Excavator-Loader-Rippa Forklift-Rippa Group\" \/><\/p>","protected":false},"featured_media":1270,"parent":0,"template":"","meta":{"_acf_changed":false,"_seopress_robots_primary_cat":"none","_seopress_titles_title":"","_seopress_titles_desc":"","_seopress_robots_index":""},"categoryproduct":[22],"class_list":["post-1055","product","type-product","status-publish","has-post-thumbnail","hentry","categoryproduct-rippa-forklift"],"acf":[],"_links":{"self":[{"href":"http:\/\/rippa-machinery.com\/fr\/wp-json\/wp\/v2\/product\/1055","targetHints":{"allow":["GET"]}}],"collection":[{"href":"http:\/\/rippa-machinery.com\/fr\/wp-json\/wp\/v2\/product"}],"about":[{"href":"http:\/\/rippa-machinery.com\/fr\/wp-json\/wp\/v2\/types\/product"}],"wp:featuredmedia":[{"embeddable":true,"href":"http:\/\/rippa-machinery.com\/fr\/wp-json\/wp\/v2\/media\/1270"}],"wp:attachment":[{"href":"http:\/\/rippa-machinery.com\/fr\/wp-json\/wp\/v2\/media?parent=1055"}],"wp:term":[{"taxonomy":"categoryproduct","embeddable":true,"href":"http:\/\/rippa-machinery.com\/fr\/wp-json\/wp\/v2\/categoryproduct?post=1055"}],"curies":[{"name":"wp","href":"https:\/\/api.w.org\/{rel}","templated":true}]}}