
{"id":1047,"date":"2025-05-11T09:36:51","date_gmt":"2025-05-11T01:36:51","guid":{"rendered":"https:https:\/\/www.rippa-machinery.com\/\/?post_type=product&#038;p=1047"},"modified":"2025-05-11T14:10:18","modified_gmt":"2025-05-11T06:10:18","slug":"electric-forklift-rf25e","status":"publish","type":"product","link":"http:\/\/rippa-machinery.com\/fr\/product\/electric-forklift-rf25e\/","title":{"rendered":"Chariot \u00e9l\u00e9vateur \u00e9lectrique RF25E"},"content":{"rendered":"<p>Pour optimiser l'exp\u00e9rience de commande, le RF25E utilise un dispositif de commande directionnelle actionn\u00e9 par le pouce pour rendre l'op\u00e9ration plus pr\u00e9cise et r\u00e9duire la fatigue des mains. En outre, le dispositif de d\u00e9connexion de l'alimentation \u00e9lectrique du c\u00f4t\u00e9 du si\u00e8ge offre un contr\u00f4le de s\u00e9curit\u00e9 plus pratique, permettant \u00e0 l'op\u00e9rateur de couper rapidement l'alimentation et d'am\u00e9liorer les performances en mati\u00e8re de s\u00e9curit\u00e9.<\/p>\n<p><strong>Recrutement d'agents dans le monde entier :<\/strong><br \/>\nODM, OEM, personnalisable<br \/>\nDes prix r\u00e9duits sont disponibles pour les commandes en gros.<br \/>\nLes fabricants ont des stocks et assurent une livraison rapide.<br \/>\nLe personnel d'assistance \u00e0 la client\u00e8le est en ligne 24 heures sur 24 pour fournir des services.<br \/>\nRemplissez les informations, obtenez un devis et devenez notre agent !<\/p>\n<p><img decoding=\"async\" class=\"img-fluid\" src=\"https:\/\/www.rippa.com\/wp-content\/uploads\/2025\/01\/%E6%9C%AA%E6%A0%87%E9%A2%98-5.jpg\" alt=\"Chinese Mini Excavator-Loader-Rippa Forklift-Rippa Group\" \/><\/p>","protected":false},"featured_media":1275,"parent":0,"template":"","meta":{"_acf_changed":false,"_seopress_robots_primary_cat":"none","_seopress_titles_title":"","_seopress_titles_desc":"","_seopress_robots_index":""},"categoryproduct":[22],"class_list":["post-1047","product","type-product","status-publish","has-post-thumbnail","hentry","categoryproduct-rippa-forklift"],"acf":[],"_links":{"self":[{"href":"http:\/\/rippa-machinery.com\/fr\/wp-json\/wp\/v2\/product\/1047","targetHints":{"allow":["GET"]}}],"collection":[{"href":"http:\/\/rippa-machinery.com\/fr\/wp-json\/wp\/v2\/product"}],"about":[{"href":"http:\/\/rippa-machinery.com\/fr\/wp-json\/wp\/v2\/types\/product"}],"wp:featuredmedia":[{"embeddable":true,"href":"http:\/\/rippa-machinery.com\/fr\/wp-json\/wp\/v2\/media\/1275"}],"wp:attachment":[{"href":"http:\/\/rippa-machinery.com\/fr\/wp-json\/wp\/v2\/media?parent=1047"}],"wp:term":[{"taxonomy":"categoryproduct","embeddable":true,"href":"http:\/\/rippa-machinery.com\/fr\/wp-json\/wp\/v2\/categoryproduct?post=1047"}],"curies":[{"name":"wp","href":"https:\/\/api.w.org\/{rel}","templated":true}]}}