
{"id":1015,"date":"2025-05-11T09:04:47","date_gmt":"2025-05-11T01:04:47","guid":{"rendered":"https:https:\/\/www.rippa-machinery.com\/\/?post_type=product&#038;p=1015"},"modified":"2025-05-11T14:11:36","modified_gmt":"2025-05-11T06:11:36","slug":"electric-forklift-rf35e","status":"publish","type":"product","link":"http:\/\/rippa-machinery.com\/fr\/product\/electric-forklift-rf35e\/","title":{"rendered":"Chariot \u00e9l\u00e9vateur \u00e9lectrique RF35E"},"content":{"rendered":"<p>Le RF35E a \u00e9t\u00e9 con\u00e7u dans un souci de confort et de commodit\u00e9 pour l'op\u00e9rateur, ce qui le rend plus avantageux dans les environnements de travail industriels. Ses accoudoirs larges et textur\u00e9s offrent un bon soutien et une bonne prise en main, ce qui contribue \u00e0 r\u00e9duire la fatigue due aux longues heures de travail. Parall\u00e8lement, les marches profondes et antid\u00e9rapantes permettent d'entrer et de sortir en toute s\u00e9curit\u00e9, r\u00e9duisant ainsi le risque de glissade et am\u00e9liorant la s\u00e9curit\u00e9 des op\u00e9rations.<\/p>\n<p><strong>Recrutement d'agents dans le monde entier :<\/strong><br \/>\nODM, OEM, personnalisable<br \/>\nDes prix r\u00e9duits sont disponibles pour les commandes en gros.<br \/>\nLes fabricants ont des stocks et assurent une livraison rapide.<br \/>\nLe personnel d'assistance \u00e0 la client\u00e8le est en ligne 24 heures sur 24 pour fournir des services.<br \/>\nRemplissez les informations, obtenez un devis et devenez notre agent !<\/p>\n<p><img decoding=\"async\" class=\"img-fluid\" src=\"https:\/\/www.rippa.com\/wp-content\/uploads\/2025\/01\/%E6%9C%AA%E6%A0%87%E9%A2%98-5.jpg\" alt=\"Chinese Mini Excavator-Loader-Rippa Forklift-Rippa Group\" \/><\/p>","protected":false},"featured_media":1279,"parent":0,"template":"","meta":{"_acf_changed":false,"_seopress_robots_primary_cat":"none","_seopress_titles_title":"Electric forklift RF35E RIPPA machinery Group","_seopress_titles_desc":"","_seopress_robots_index":""},"categoryproduct":[22],"class_list":["post-1015","product","type-product","status-publish","has-post-thumbnail","hentry","categoryproduct-rippa-forklift"],"acf":[],"_links":{"self":[{"href":"http:\/\/rippa-machinery.com\/fr\/wp-json\/wp\/v2\/product\/1015","targetHints":{"allow":["GET"]}}],"collection":[{"href":"http:\/\/rippa-machinery.com\/fr\/wp-json\/wp\/v2\/product"}],"about":[{"href":"http:\/\/rippa-machinery.com\/fr\/wp-json\/wp\/v2\/types\/product"}],"wp:featuredmedia":[{"embeddable":true,"href":"http:\/\/rippa-machinery.com\/fr\/wp-json\/wp\/v2\/media\/1279"}],"wp:attachment":[{"href":"http:\/\/rippa-machinery.com\/fr\/wp-json\/wp\/v2\/media?parent=1015"}],"wp:term":[{"taxonomy":"categoryproduct","embeddable":true,"href":"http:\/\/rippa-machinery.com\/fr\/wp-json\/wp\/v2\/categoryproduct?post=1015"}],"curies":[{"name":"wp","href":"https:\/\/api.w.org\/{rel}","templated":true}]}}