
{"id":1546,"date":"2025-12-19T09:41:00","date_gmt":"2025-12-19T01:41:00","guid":{"rendered":"https:\/\/www.rippa-machinery.com\/?page_id=1546"},"modified":"2025-12-19T09:44:01","modified_gmt":"2025-12-19T01:44:01","slug":"about-us","status":"publish","type":"page","link":"http:\/\/rippa-machinery.com\/fr\/about-us\/","title":{"rendered":"A propos de nous"},"content":{"rendered":"<p>Shandong Rippa Machinery Group Co. est situ\u00e9 dans le sixi\u00e8me parc industriel de la zone de haute technologie de Jining, dans la province de Shandong. Il s'agit d'une entreprise de haute technologie de niveau national ayant le droit d'importer et d'exporter ; l'usine couvre une superficie de 100 000 m\u00e8tres carr\u00e9s. L'usine couvre une superficie de 100 000 m\u00e8tres carr\u00e9s. Elle poss\u00e8de 11 filiales, chacune ayant une comptabilit\u00e9 ind\u00e9pendante.<\/p>\n<p>Elle emploie 209 personnes, dont 50 ing\u00e9nieurs et techniciens professionnels, 8 ing\u00e9nieurs principaux et 30 techniciens principaux. La soci\u00e9t\u00e9 a obtenu la certification ISO : 9001 du syst\u00e8me de gestion de la qualit\u00e9, la certification de qualit\u00e9 CE de l'UE, la certification d'\u00e9mission Euro 5, la certification d'\u00e9mission EPA et le certificat australien de renversement de cabine ; les produits de la soci\u00e9t\u00e9 se vendent bien sur les march\u00e9s nationaux et \u00e9trangers. Les produits de l'entreprise se vendent bien sur les march\u00e9s nationaux et \u00e9trangers. Elle a mis en place des points de service dans de nombreuses provinces et r\u00e9gions de Chine afin de fournir un service apr\u00e8s-vente de porte \u00e0 porte.<\/p>","protected":false},"excerpt":{"rendered":"<p>Shandong Rippa Machinery Group Co., Ltd. is located in the Sixth Industrial Park, Jining high tech Zone, Shandong Province. It is a state-level high-tech enterprise with the right to import and export;The plant covers an area of 100000 square meters. It has 11 subsidiaries, each of which has independent accounting. There are 209 employees, including [&hellip;]<\/p>","protected":false},"author":1,"featured_media":347,"parent":0,"menu_order":0,"comment_status":"closed","ping_status":"closed","template":"about.php","meta":{"_acf_changed":false,"_seopress_robots_primary_cat":"","_seopress_titles_title":"","_seopress_titles_desc":"","_seopress_robots_index":"","footnotes":""},"class_list":["post-1546","page","type-page","status-publish","has-post-thumbnail","hentry"],"acf":[],"_links":{"self":[{"href":"http:\/\/rippa-machinery.com\/fr\/wp-json\/wp\/v2\/pages\/1546","targetHints":{"allow":["GET"]}}],"collection":[{"href":"http:\/\/rippa-machinery.com\/fr\/wp-json\/wp\/v2\/pages"}],"about":[{"href":"http:\/\/rippa-machinery.com\/fr\/wp-json\/wp\/v2\/types\/page"}],"author":[{"embeddable":true,"href":"http:\/\/rippa-machinery.com\/fr\/wp-json\/wp\/v2\/users\/1"}],"replies":[{"embeddable":true,"href":"http:\/\/rippa-machinery.com\/fr\/wp-json\/wp\/v2\/comments?post=1546"}],"version-history":[{"count":3,"href":"http:\/\/rippa-machinery.com\/fr\/wp-json\/wp\/v2\/pages\/1546\/revisions"}],"predecessor-version":[{"id":1554,"href":"http:\/\/rippa-machinery.com\/fr\/wp-json\/wp\/v2\/pages\/1546\/revisions\/1554"}],"wp:featuredmedia":[{"embeddable":true,"href":"http:\/\/rippa-machinery.com\/fr\/wp-json\/wp\/v2\/media\/347"}],"wp:attachment":[{"href":"http:\/\/rippa-machinery.com\/fr\/wp-json\/wp\/v2\/media?parent=1546"}],"curies":[{"name":"wp","href":"https:\/\/api.w.org\/{rel}","templated":true}]}}