
{"id":890,"date":"2025-03-14T11:14:03","date_gmt":"2025-03-14T03:14:03","guid":{"rendered":"https:https:\/\/www.rippa-machinery.com\/\/?post_type=product&#038;p=890"},"modified":"2025-03-14T11:14:03","modified_gmt":"2025-03-14T03:14:03","slug":"mini-excavator-r330","status":"publish","type":"product","link":"http:\/\/rippa-machinery.com\/es\/product\/mini-excavator-r330\/","title":{"rendered":"Miniexcavadora R330"},"content":{"rendered":"<p><img loading=\"lazy\" decoding=\"async\" class=\"alignnone size-full wp-image-586\" src=\"https:\/\/www.rippa-machinery.com\/\/wp-content\/uploads\/2025\/03\/1.png\" alt=\"\" width=\"56\" height=\"29\" srcset=\"\/\/rippa-machinery.com\/wp-content\/uploads\/2025\/03\/1.png 56w, \/\/rippa-machinery.com\/wp-content\/uploads\/2025\/03\/1-18x9.png 18w\" sizes=\"auto, (max-width: 56px) 100vw, 56px\" \/><img loading=\"lazy\" decoding=\"async\" class=\"alignnone size-full wp-image-588\" src=\"https:\/\/www.rippa-machinery.com\/\/wp-content\/uploads\/2025\/03\/2.png\" alt=\"\" width=\"56\" height=\"29\" srcset=\"\/\/rippa-machinery.com\/wp-content\/uploads\/2025\/03\/2.png 56w, \/\/rippa-machinery.com\/wp-content\/uploads\/2025\/03\/2-18x9.png 18w\" sizes=\"auto, (max-width: 56px) 100vw, 56px\" \/><img loading=\"lazy\" decoding=\"async\" class=\"alignnone size-full wp-image-587\" src=\"https:\/\/www.rippa-machinery.com\/\/wp-content\/uploads\/2025\/03\/3.png\" alt=\"\" width=\"56\" height=\"29\" srcset=\"\/\/rippa-machinery.com\/wp-content\/uploads\/2025\/03\/3.png 56w, \/\/rippa-machinery.com\/wp-content\/uploads\/2025\/03\/3-18x9.png 18w\" sizes=\"auto, (max-width: 56px) 100vw, 56px\" \/><\/p>\n<p>El R330\u00a0<span class=\"wp_keywordlink\"><a title=\"miniexcavadora\" href=\"https:\/\/www.rippa.com\/\" target=\"_blank\" rel=\"noopener\">miniexcavadora<\/a><\/span>\u00a0se ha ganado la confianza de socios de todo el mundo gracias a su potencia eficiente y respetuosa con el medio ambiente, su excelente rendimiento de excavaci\u00f3n, su c\u00f3moda experiencia operativa, su control inteligente y c\u00f3modo, su dise\u00f1o robusto y duradero, sus m\u00faltiples garant\u00edas de seguridad, su adaptabilidad flexible a las condiciones de trabajo y el cumplimiento de elevados est\u00e1ndares internacionales.<\/p>\n<p><strong>Contrataci\u00f3n de agentes en todo el mundo:<\/strong><br \/>\nODM, OEM, personalizable<br \/>\nPrecios reducidos para pedidos al por mayor.<br \/>\nLos fabricantes disponen de existencias y realizan entregas r\u00e1pidas.<br \/>\nEl personal de atenci\u00f3n al cliente est\u00e1 en l\u00ednea 24 horas al d\u00eda para prestar servicios.<br \/>\nRellene los datos, obtenga un presupuesto y convi\u00e9rtase en nuestro agente.<\/p>","protected":false},"featured_media":894,"parent":0,"template":"","meta":{"_acf_changed":false,"_seopress_robots_primary_cat":"none","_seopress_titles_title":"","_seopress_titles_desc":"","_seopress_robots_index":""},"categoryproduct":[20],"class_list":["post-890","product","type-product","status-publish","has-post-thumbnail","hentry","categoryproduct-mini-excavator"],"acf":[],"_links":{"self":[{"href":"http:\/\/rippa-machinery.com\/es\/wp-json\/wp\/v2\/product\/890","targetHints":{"allow":["GET"]}}],"collection":[{"href":"http:\/\/rippa-machinery.com\/es\/wp-json\/wp\/v2\/product"}],"about":[{"href":"http:\/\/rippa-machinery.com\/es\/wp-json\/wp\/v2\/types\/product"}],"wp:featuredmedia":[{"embeddable":true,"href":"http:\/\/rippa-machinery.com\/es\/wp-json\/wp\/v2\/media\/894"}],"wp:attachment":[{"href":"http:\/\/rippa-machinery.com\/es\/wp-json\/wp\/v2\/media?parent=890"}],"wp:term":[{"taxonomy":"categoryproduct","embeddable":true,"href":"http:\/\/rippa-machinery.com\/es\/wp-json\/wp\/v2\/categoryproduct?post=890"}],"curies":[{"name":"wp","href":"https:\/\/api.w.org\/{rel}","templated":true}]}}