
{"id":851,"date":"2025-03-14T11:02:22","date_gmt":"2025-03-14T03:02:22","guid":{"rendered":"https:https:\/\/www.rippa-machinery.com\/\/?post_type=product&#038;p=851"},"modified":"2025-03-14T11:02:22","modified_gmt":"2025-03-14T03:02:22","slug":"mini-excavator-r327","status":"publish","type":"product","link":"http:\/\/rippa-machinery.com\/es\/product\/mini-excavator-r327\/","title":{"rendered":"Miniexcavadora R327"},"content":{"rendered":"<p><img loading=\"lazy\" decoding=\"async\" class=\"alignnone size-full wp-image-586\" src=\"https:\/\/www.rippa-machinery.com\/\/wp-content\/uploads\/2025\/03\/1.png\" alt=\"\" width=\"56\" height=\"29\" srcset=\"\/\/rippa-machinery.com\/wp-content\/uploads\/2025\/03\/1.png 56w, \/\/rippa-machinery.com\/wp-content\/uploads\/2025\/03\/1-18x9.png 18w\" sizes=\"auto, (max-width: 56px) 100vw, 56px\" \/><img loading=\"lazy\" decoding=\"async\" class=\"alignnone size-full wp-image-588\" src=\"https:\/\/www.rippa-machinery.com\/\/wp-content\/uploads\/2025\/03\/2.png\" alt=\"\" width=\"56\" height=\"29\" srcset=\"\/\/rippa-machinery.com\/wp-content\/uploads\/2025\/03\/2.png 56w, \/\/rippa-machinery.com\/wp-content\/uploads\/2025\/03\/2-18x9.png 18w\" sizes=\"auto, (max-width: 56px) 100vw, 56px\" \/><img loading=\"lazy\" decoding=\"async\" class=\"alignnone size-full wp-image-587\" src=\"https:\/\/www.rippa-machinery.com\/\/wp-content\/uploads\/2025\/03\/3.png\" alt=\"\" width=\"56\" height=\"29\" srcset=\"\/\/rippa-machinery.com\/wp-content\/uploads\/2025\/03\/3.png 56w, \/\/rippa-machinery.com\/wp-content\/uploads\/2025\/03\/3-18x9.png 18w\" sizes=\"auto, (max-width: 56px) 100vw, 56px\" \/><\/p>\n<p>Los principales argumentos de venta del R327\u00a0<span class=\"wp_keywordlink\"><a title=\"miniexcavadora\" href=\"https:\/\/www.rippa.com\/\" target=\"_blank\" rel=\"noopener\">miniexcavadora<\/a><\/span>\u00a0son su excelente rendimiento b\u00e1sico, su extraordinaria operatividad, su adaptabilidad flexible, su comodidad y dise\u00f1o humanizado, su fiabilidad y durabilidad, y su capacidad para satisfacer plenamente las necesidades del usuario. Estos argumentos de venta lo convierten en un producto destacado en el comercio de exportaci\u00f3n.<\/p>\n<p><strong>Contrataci\u00f3n de agentes en todo el mundo:<\/strong><br \/>\nODM, OEM, personalizable<br \/>\nPrecios reducidos para pedidos al por mayor.<br \/>\nLos fabricantes disponen de existencias y realizan entregas r\u00e1pidas.<br \/>\nEl personal de atenci\u00f3n al cliente est\u00e1 en l\u00ednea 24 horas al d\u00eda para prestar servicios.<br \/>\nRellene los datos, obtenga un presupuesto y convi\u00e9rtase en nuestro agente.<\/p>","protected":false},"featured_media":854,"parent":0,"template":"","meta":{"_acf_changed":false,"_seopress_robots_primary_cat":"none","_seopress_titles_title":"","_seopress_titles_desc":"","_seopress_robots_index":""},"categoryproduct":[20],"class_list":["post-851","product","type-product","status-publish","has-post-thumbnail","hentry","categoryproduct-mini-excavator"],"acf":[],"_links":{"self":[{"href":"http:\/\/rippa-machinery.com\/es\/wp-json\/wp\/v2\/product\/851","targetHints":{"allow":["GET"]}}],"collection":[{"href":"http:\/\/rippa-machinery.com\/es\/wp-json\/wp\/v2\/product"}],"about":[{"href":"http:\/\/rippa-machinery.com\/es\/wp-json\/wp\/v2\/types\/product"}],"wp:featuredmedia":[{"embeddable":true,"href":"http:\/\/rippa-machinery.com\/es\/wp-json\/wp\/v2\/media\/854"}],"wp:attachment":[{"href":"http:\/\/rippa-machinery.com\/es\/wp-json\/wp\/v2\/media?parent=851"}],"wp:term":[{"taxonomy":"categoryproduct","embeddable":true,"href":"http:\/\/rippa-machinery.com\/es\/wp-json\/wp\/v2\/categoryproduct?post=851"}],"curies":[{"name":"wp","href":"https:\/\/api.w.org\/{rel}","templated":true}]}}