
{"id":768,"date":"2025-05-12T13:50:19","date_gmt":"2025-05-12T05:50:19","guid":{"rendered":"https:https:\/\/www.rippa-machinery.com\/\/?post_type=product&#038;p=768"},"modified":"2025-05-12T14:02:52","modified_gmt":"2025-05-12T06:02:52","slug":"rs07-skid-steer","status":"publish","type":"product","link":"http:\/\/rippa-machinery.com\/es\/product\/rs07-skid-steer\/","title":{"rendered":"Minicargadora RS07"},"content":{"rendered":"<p><img loading=\"lazy\" decoding=\"async\" class=\"alignnone size-full wp-image-588\" src=\"https:\/\/www.rippa-machinery.com\/\/wp-content\/uploads\/2025\/03\/2.png\" alt=\"\" width=\"56\" height=\"29\" srcset=\"\/\/rippa-machinery.com\/wp-content\/uploads\/2025\/03\/2.png 56w, \/\/rippa-machinery.com\/wp-content\/uploads\/2025\/03\/2-18x9.png 18w\" sizes=\"auto, (max-width: 56px) 100vw, 56px\" \/> <img loading=\"lazy\" decoding=\"async\" class=\"alignnone size-full wp-image-587\" src=\"https:\/\/www.rippa-machinery.com\/\/wp-content\/uploads\/2025\/03\/3.png\" alt=\"\" width=\"56\" height=\"29\" srcset=\"\/\/rippa-machinery.com\/wp-content\/uploads\/2025\/03\/3.png 56w, \/\/rippa-machinery.com\/wp-content\/uploads\/2025\/03\/3-18x9.png 18w\" sizes=\"auto, (max-width: 56px) 100vw, 56px\" \/><\/p>\n<p>El cargador de direcci\u00f3n deslizante RS07 de RIPPA tiene una fuerte potencia, alta estabilidad, ambiente de operaci\u00f3n c\u00f3modo, versatilidad y capacidad de conversi\u00f3n r\u00e1pida, alta confiabilidad y durabilidad, f\u00e1cil mantenimiento y dise\u00f1o ecol\u00f3gico, haci\u00e9ndolo un producto vendido en el mercado y muy adecuado para el comercio de exportaci\u00f3n.<\/p>\n<p>Contrataci\u00f3n de agentes globales:<\/p>\n<p>ODM, OEM, venta al por mayor<br \/>\nLos pedidos pueden disfrutar de precios rebajados.<\/p>\n<p>El fabricante dispone de existencias y entrega r\u00e1pida.<\/p>\n<p>El personal de atenci\u00f3n al cliente presta servicios en l\u00ednea las 24 horas del d\u00eda.<br \/>\nRellene los datos, obtenga un presupuesto y convi\u00e9rtase en nuestro agente.<\/p>","protected":false},"featured_media":1385,"parent":0,"template":"","meta":{"_acf_changed":false,"_seopress_robots_primary_cat":"none","_seopress_titles_title":"Skid Steer Loader-Most Popular Skid Steer| MiniSkid Steer Loader | Skid Steer Loader Sale","_seopress_titles_desc":"","_seopress_robots_index":""},"categoryproduct":[25],"class_list":["post-768","product","type-product","status-publish","has-post-thumbnail","hentry","categoryproduct-skid-steer"],"acf":[],"_links":{"self":[{"href":"http:\/\/rippa-machinery.com\/es\/wp-json\/wp\/v2\/product\/768","targetHints":{"allow":["GET"]}}],"collection":[{"href":"http:\/\/rippa-machinery.com\/es\/wp-json\/wp\/v2\/product"}],"about":[{"href":"http:\/\/rippa-machinery.com\/es\/wp-json\/wp\/v2\/types\/product"}],"wp:featuredmedia":[{"embeddable":true,"href":"http:\/\/rippa-machinery.com\/es\/wp-json\/wp\/v2\/media\/1385"}],"wp:attachment":[{"href":"http:\/\/rippa-machinery.com\/es\/wp-json\/wp\/v2\/media?parent=768"}],"wp:term":[{"taxonomy":"categoryproduct","embeddable":true,"href":"http:\/\/rippa-machinery.com\/es\/wp-json\/wp\/v2\/categoryproduct?post=768"}],"curies":[{"name":"wp","href":"https:\/\/api.w.org\/{rel}","templated":true}]}}