
{"id":741,"date":"2025-05-12T13:52:09","date_gmt":"2025-05-12T05:52:09","guid":{"rendered":"https:https:\/\/www.rippa-machinery.com\/\/?post_type=product&#038;p=741"},"modified":"2025-12-19T09:36:34","modified_gmt":"2025-12-19T01:36:34","slug":"rs06-skid-steer","status":"publish","type":"product","link":"http:\/\/rippa-machinery.com\/es\/product\/rs06-skid-steer\/","title":{"rendered":"Minicargadora RS06"},"content":{"rendered":"<p><img loading=\"lazy\" decoding=\"async\" class=\"alignnone size-full wp-image-588\" src=\"https:\/\/www.rippa-machinery.com\/\/wp-content\/uploads\/2025\/03\/2.png\" alt=\"\" width=\"56\" height=\"29\" srcset=\"\/\/rippa-machinery.com\/wp-content\/uploads\/2025\/03\/2.png 56w, \/\/rippa-machinery.com\/wp-content\/uploads\/2025\/03\/2-18x9.png 18w\" sizes=\"auto, (max-width: 56px) 100vw, 56px\" \/> <img loading=\"lazy\" decoding=\"async\" class=\"alignnone size-full wp-image-587\" src=\"https:\/\/www.rippa-machinery.com\/\/wp-content\/uploads\/2025\/03\/3.png\" alt=\"\" width=\"56\" height=\"29\" srcset=\"\/\/rippa-machinery.com\/wp-content\/uploads\/2025\/03\/3.png 56w, \/\/rippa-machinery.com\/wp-content\/uploads\/2025\/03\/3-18x9.png 18w\" sizes=\"auto, (max-width: 56px) 100vw, 56px\" \/><\/p>\n<p>La cargadora compacta RS06 adopta el sistema de control de velocidad inteligente, y la manija de operaci\u00f3n piloto mejora la precisi\u00f3n y la eficiencia; soporta el reemplazo r\u00e1pido de enchufe multifuncional, se adapta a varias condiciones de trabajo; estructura compacta y flexible, duradera y confiable, adecuada para la operaci\u00f3n en espacios peque\u00f1os, y el mantenimiento en el mercado internacional.<\/p>\n<p>Contrataci\u00f3n de agentes globales:<br \/>\nODM, OEM, venta al por mayor<br \/>\nLos pedidos pueden disfrutar de precios rebajados.<br \/>\nEl fabricante dispone de existencias y entrega r\u00e1pida.<br \/>\nEl personal de atenci\u00f3n al cliente presta servicios en l\u00ednea las 24 horas del d\u00eda.<br \/>\nRellene los datos, obtenga un presupuesto y convi\u00e9rtase en nuestro agente.<\/p>","protected":false},"featured_media":1538,"parent":0,"template":"","meta":{"_acf_changed":false,"_seopress_robots_primary_cat":"none","_seopress_titles_title":"Skid Steer Loader-Most Popular Skid Steer| MiniSkid Steer Loader | Skid Steer Loader Sale","_seopress_titles_desc":"","_seopress_robots_index":""},"categoryproduct":[25],"class_list":["post-741","product","type-product","status-publish","has-post-thumbnail","hentry","categoryproduct-skid-steer"],"acf":[],"_links":{"self":[{"href":"http:\/\/rippa-machinery.com\/es\/wp-json\/wp\/v2\/product\/741","targetHints":{"allow":["GET"]}}],"collection":[{"href":"http:\/\/rippa-machinery.com\/es\/wp-json\/wp\/v2\/product"}],"about":[{"href":"http:\/\/rippa-machinery.com\/es\/wp-json\/wp\/v2\/types\/product"}],"wp:featuredmedia":[{"embeddable":true,"href":"http:\/\/rippa-machinery.com\/es\/wp-json\/wp\/v2\/media\/1538"}],"wp:attachment":[{"href":"http:\/\/rippa-machinery.com\/es\/wp-json\/wp\/v2\/media?parent=741"}],"wp:term":[{"taxonomy":"categoryproduct","embeddable":true,"href":"http:\/\/rippa-machinery.com\/es\/wp-json\/wp\/v2\/categoryproduct?post=741"}],"curies":[{"name":"wp","href":"https:\/\/api.w.org\/{rel}","templated":true}]}}