
{"id":441,"date":"2025-05-12T12:59:04","date_gmt":"2025-05-12T04:59:04","guid":{"rendered":"https:\/\/www.china-rippa.com\/?post_type=product&#038;p=441"},"modified":"2025-09-05T10:00:09","modified_gmt":"2025-09-05T02:00:09","slug":"mini-excavator-r32","status":"publish","type":"product","link":"http:\/\/rippa-machinery.com\/es\/product\/mini-excavator-r32\/","title":{"rendered":"Miniexcavadora de 3,2 toneladas R32"},"content":{"rendered":"<p><span style=\"font-size: 14pt;\"><img loading=\"lazy\" decoding=\"async\" class=\"alignnone wp-image-391 size-full\" src=\"https:\/\/www.rippa-machinery.com\/\/wp-content\/uploads\/2024\/10\/CE.jpg\" alt=\"\" width=\"56\" height=\"29\" \/> <img loading=\"lazy\" decoding=\"async\" class=\"alignnone wp-image-392 size-full\" src=\"https:\/\/www.rippa-machinery.com\/\/wp-content\/uploads\/2024\/10\/EPA-4.jpg\" alt=\"\" width=\"56\" height=\"29\" \/> <img loading=\"lazy\" decoding=\"async\" class=\"alignnone wp-image-393 size-full\" src=\"https:\/\/www.rippa-machinery.com\/\/wp-content\/uploads\/2024\/10\/\u6b27\u4e94.jpg\" alt=\"\" width=\"56\" height=\"29\" \/><\/span><\/p>\n<p>En\u00a0<strong data-start=\"3291\" data-end=\"3319\">Miniexcavadora RIPPA R32<\/strong>\u00a0es un\u00a0<strong data-start=\"3325\" data-end=\"3362\">Excavadora giratoria de voladizo cero de 3,2 toneladas<\/strong>\u00a0construida para proyectos exigentes de construcci\u00f3n y paisajismo. Funciona con el\u00a0<strong data-start=\"3443\" data-end=\"3466\">Motor Kubota V1505<\/strong>, ofreciendo\u00a0<strong data-start=\"3477\" data-end=\"3498\">18,2 kW (24,4 CV)<\/strong>\u00a0para un rendimiento fiable.<\/p>\n<p><span style=\"font-size: 14pt;\"><strong>Contrataci\u00f3n de agentes en todo el mundo:<\/strong><\/span><br \/>\n<span style=\"font-size: 14pt;\">ODM, OEM, personalizable<\/span><br \/>\n<span style=\"font-size: 14pt;\">Precios reducidos para pedidos al por mayor.<\/span><br \/>\n<span style=\"font-size: 14pt;\">Los fabricantes disponen de existencias y realizan entregas r\u00e1pidas.<\/span><br \/>\n<span style=\"font-size: 14pt;\">El personal de atenci\u00f3n al cliente est\u00e1 en l\u00ednea 24 horas al d\u00eda para prestar servicios.<\/span><br \/>\n<span style=\"font-size: 14pt;\">Rellene los datos, obtenga un presupuesto y convi\u00e9rtase en nuestro agente.<\/span><\/p>","protected":false},"featured_media":1475,"parent":0,"template":"","meta":{"_acf_changed":false,"_seopress_robots_primary_cat":"none","_seopress_titles_title":"Mini Excavator R32-new mini excavator for","_seopress_titles_desc":"The R32 small excavator has strong competitiveness in export trade due to its core selling points such as high performance, high energy efficiency, easy operation, safety and comfort, easy maintenance, environmentally friendly design, rich configurations and options, and brand trust.","_seopress_robots_index":""},"categoryproduct":[20],"class_list":["post-441","product","type-product","status-publish","has-post-thumbnail","hentry","categoryproduct-mini-excavator"],"acf":[],"_links":{"self":[{"href":"http:\/\/rippa-machinery.com\/es\/wp-json\/wp\/v2\/product\/441","targetHints":{"allow":["GET"]}}],"collection":[{"href":"http:\/\/rippa-machinery.com\/es\/wp-json\/wp\/v2\/product"}],"about":[{"href":"http:\/\/rippa-machinery.com\/es\/wp-json\/wp\/v2\/types\/product"}],"wp:featuredmedia":[{"embeddable":true,"href":"http:\/\/rippa-machinery.com\/es\/wp-json\/wp\/v2\/media\/1475"}],"wp:attachment":[{"href":"http:\/\/rippa-machinery.com\/es\/wp-json\/wp\/v2\/media?parent=441"}],"wp:term":[{"taxonomy":"categoryproduct","embeddable":true,"href":"http:\/\/rippa-machinery.com\/es\/wp-json\/wp\/v2\/categoryproduct?post=441"}],"curies":[{"name":"wp","href":"https:\/\/api.w.org\/{rel}","templated":true}]}}