
{"id":431,"date":"2025-05-12T13:00:03","date_gmt":"2025-05-12T05:00:03","guid":{"rendered":"https:\/\/www.china-rippa.com\/?post_type=product&#038;p=431"},"modified":"2025-09-05T09:54:53","modified_gmt":"2025-09-05T01:54:53","slug":"mini-excavator-r22","status":"publish","type":"product","link":"http:\/\/rippa-machinery.com\/es\/product\/mini-excavator-r22\/","title":{"rendered":"Miniexcavadora de 2,3 toneladas R22"},"content":{"rendered":"<p><span style=\"font-size: 14pt;\"><img loading=\"lazy\" decoding=\"async\" class=\"alignnone wp-image-391 size-full\" src=\"https:\/\/www.rippa-machinery.com\/\/wp-content\/uploads\/2024\/10\/CE.jpg\" alt=\"\" width=\"56\" height=\"29\" \/> <img loading=\"lazy\" decoding=\"async\" class=\"alignnone wp-image-392 size-full\" src=\"https:\/\/www.rippa-machinery.com\/\/wp-content\/uploads\/2024\/10\/EPA-4.jpg\" alt=\"\" width=\"56\" height=\"29\" \/> <img loading=\"lazy\" decoding=\"async\" class=\"alignnone wp-image-393 size-full\" src=\"https:\/\/www.rippa-machinery.com\/\/wp-content\/uploads\/2024\/10\/\u6b27\u4e94.jpg\" alt=\"\" width=\"56\" height=\"29\" \/><\/span><\/p>\n<p>En\u00a0<strong data-start=\"929\" data-end=\"957\">Miniexcavadora RIPPA R22<\/strong>\u00a0es una m\u00e1quina de 2,2 toneladas dise\u00f1ada para ofrecer versatilidad, durabilidad y un funcionamiento compacto. Est\u00e1 equipada con un\u00a0<strong data-start=\"1062\" data-end=\"1085\">Motor Kubota D1105<\/strong>\u00a0entrega\u00a0<strong data-start=\"1097\" data-end=\"1118\">18,2 kW (24,4 CV)<\/strong>El motor de combusti\u00f3n interna del motor de combusti\u00f3n interna de la serie<\/p>\n<p><span style=\"font-size: 14pt;\"><strong>Contrataci\u00f3n de agentes en todo el mundo:<\/strong><\/span><br \/>\n<span style=\"font-size: 14pt;\">ODM, OEM, personalizable<\/span><br \/>\n<span style=\"font-size: 14pt;\">Precios reducidos para pedidos al por mayor.<\/span><br \/>\n<span style=\"font-size: 14pt;\">Los fabricantes disponen de existencias y realizan entregas r\u00e1pidas.<\/span><br \/>\n<span style=\"font-size: 14pt;\">El personal de atenci\u00f3n al cliente est\u00e1 en l\u00ednea 24 horas al d\u00eda para prestar servicios.<\/span><br \/>\n<span style=\"font-size: 14pt;\">Rellene los datos, obtenga un presupuesto y convi\u00e9rtase en nuestro agente.<\/span><\/p>","protected":false},"featured_media":1466,"parent":0,"template":"","meta":{"_acf_changed":false,"_seopress_robots_primary_cat":"none","_seopress_titles_title":"Mini Excavator R22-chinese mini excavator for sale","_seopress_titles_desc":"The advantages of the R22 mini excavator in terms of environmental protection, high efficiency, safety, user-friendly design, flexibility, easy maintenance, durability and high-performance parameters help attract potential buyers in the international market.","_seopress_robots_index":""},"categoryproduct":[20],"class_list":["post-431","product","type-product","status-publish","has-post-thumbnail","hentry","categoryproduct-mini-excavator"],"acf":[],"_links":{"self":[{"href":"http:\/\/rippa-machinery.com\/es\/wp-json\/wp\/v2\/product\/431","targetHints":{"allow":["GET"]}}],"collection":[{"href":"http:\/\/rippa-machinery.com\/es\/wp-json\/wp\/v2\/product"}],"about":[{"href":"http:\/\/rippa-machinery.com\/es\/wp-json\/wp\/v2\/types\/product"}],"wp:featuredmedia":[{"embeddable":true,"href":"http:\/\/rippa-machinery.com\/es\/wp-json\/wp\/v2\/media\/1466"}],"wp:attachment":[{"href":"http:\/\/rippa-machinery.com\/es\/wp-json\/wp\/v2\/media?parent=431"}],"wp:term":[{"taxonomy":"categoryproduct","embeddable":true,"href":"http:\/\/rippa-machinery.com\/es\/wp-json\/wp\/v2\/categoryproduct?post=431"}],"curies":[{"name":"wp","href":"https:\/\/api.w.org\/{rel}","templated":true}]}}