
{"id":401,"date":"2025-05-12T13:07:57","date_gmt":"2025-05-12T05:07:57","guid":{"rendered":"https:\/\/www.china-rippa.com\/?post_type=product&#038;p=401"},"modified":"2025-09-05T09:39:31","modified_gmt":"2025-09-05T01:39:31","slug":"mini-excavator-r15","status":"publish","type":"product","link":"http:\/\/rippa-machinery.com\/es\/product\/mini-excavator-r15\/","title":{"rendered":"Miniexcavadora de 1,5 toneladas R15"},"content":{"rendered":"<p><span style=\"font-size: 14pt;\"><img loading=\"lazy\" decoding=\"async\" class=\"alignnone wp-image-391 size-full\" src=\"https:\/\/www.rippa-machinery.com\/\/wp-content\/uploads\/2024\/10\/CE.jpg\" alt=\"\" width=\"56\" height=\"29\" \/> <img loading=\"lazy\" decoding=\"async\" class=\"alignnone wp-image-392 size-full\" src=\"https:\/\/www.rippa-machinery.com\/\/wp-content\/uploads\/2024\/10\/EPA-4.jpg\" alt=\"\" width=\"56\" height=\"29\" \/> <img loading=\"lazy\" decoding=\"async\" class=\"alignnone wp-image-393 size-full\" src=\"https:\/\/www.rippa-machinery.com\/\/wp-content\/uploads\/2024\/10\/\u6b27\u4e94.jpg\" alt=\"\" width=\"56\" height=\"29\" \/><\/span><\/p>\n<p>En\u00a0<b>Miniexcavadora RIPPA R15-PRO<\/b>\u00a0est\u00e1 dise\u00f1ada para ser su soluci\u00f3n ideal. Esta m\u00e1quina de 1,5 toneladas est\u00e1 dise\u00f1ada para ofrecer un rendimiento superior en espacios reducidos, por lo que es perfecta para trabajos de paisajismo, excavaci\u00f3n de zanjas, demolici\u00f3n y cimentaci\u00f3n.<\/p>\n<p>La principal ventaja del R15-PRO es su tecnolog\u00eda mejorada\u00a0<b>sistema de control por joystick accionado por el piloto<\/b>. Esta funci\u00f3n de primera calidad ofrece un manejo suave, intuitivo y con gran capacidad de respuesta, lo que permite tanto a principiantes como a expertos lograr una precisi\u00f3n milim\u00e9trica con facilidad.<\/p>\n<p><span style=\"font-size: 14pt;\"><strong>Contrataci\u00f3n de agentes en todo el mundo:<\/strong><\/span><br \/>\n<span style=\"font-size: 14pt;\">ODM, OEM, personalizable<\/span><br \/>\n<span style=\"font-size: 14pt;\">Precios reducidos para pedidos al por mayor.<\/span><br \/>\n<span style=\"font-size: 14pt;\">Los fabricantes disponen de existencias y realizan entregas r\u00e1pidas.<\/span><br \/>\n<span style=\"font-size: 14pt;\">El personal de atenci\u00f3n al cliente est\u00e1 en l\u00ednea 24 horas al d\u00eda para prestar servicios.<\/span><br \/>\n<span style=\"font-size: 14pt;\">Rellene los datos, obtenga un presupuesto y convi\u00e9rtase en nuestro agente.<\/span><\/p>","protected":false},"featured_media":1450,"parent":0,"template":"","meta":{"_acf_changed":false,"_seopress_robots_primary_cat":"none","_seopress_titles_title":"mini excavator for sale-kubota excavator-mini excavator tracks","_seopress_titles_desc":"The R15 small excavator has become a highlight product in export trade with its excellent performance, flexible operability, unique design, comfortable operating experience, efficient excavation ability and reliable quality, and can meet the needs of various users.","_seopress_robots_index":""},"categoryproduct":[20],"class_list":["post-401","product","type-product","status-publish","has-post-thumbnail","hentry","categoryproduct-mini-excavator"],"acf":[],"_links":{"self":[{"href":"http:\/\/rippa-machinery.com\/es\/wp-json\/wp\/v2\/product\/401","targetHints":{"allow":["GET"]}}],"collection":[{"href":"http:\/\/rippa-machinery.com\/es\/wp-json\/wp\/v2\/product"}],"about":[{"href":"http:\/\/rippa-machinery.com\/es\/wp-json\/wp\/v2\/types\/product"}],"wp:featuredmedia":[{"embeddable":true,"href":"http:\/\/rippa-machinery.com\/es\/wp-json\/wp\/v2\/media\/1450"}],"wp:attachment":[{"href":"http:\/\/rippa-machinery.com\/es\/wp-json\/wp\/v2\/media?parent=401"}],"wp:term":[{"taxonomy":"categoryproduct","embeddable":true,"href":"http:\/\/rippa-machinery.com\/es\/wp-json\/wp\/v2\/categoryproduct?post=401"}],"curies":[{"name":"wp","href":"https:\/\/api.w.org\/{rel}","templated":true}]}}