
{"id":387,"date":"2025-05-12T13:09:59","date_gmt":"2025-05-12T05:09:59","guid":{"rendered":"https:\/\/www.china-rippa.com\/?post_type=product&#038;p=387"},"modified":"2025-09-05T09:29:09","modified_gmt":"2025-09-05T01:29:09","slug":"r10","status":"publish","type":"product","link":"http:\/\/rippa-machinery.com\/es\/product\/r10\/","title":{"rendered":"Miniexcavadora de 1 tonelada R10"},"content":{"rendered":"<p><span style=\"font-size: 14pt;\"><img loading=\"lazy\" decoding=\"async\" class=\"alignnone wp-image-391 size-full\" src=\"https:\/\/www.rippa-machinery.com\/\/wp-content\/uploads\/2024\/10\/CE.jpg\" alt=\"\" width=\"56\" height=\"29\" \/> <img loading=\"lazy\" decoding=\"async\" class=\"alignnone wp-image-392 size-full\" src=\"https:\/\/www.rippa-machinery.com\/\/wp-content\/uploads\/2024\/10\/EPA-4.jpg\" alt=\"\" width=\"56\" height=\"29\" \/> <img loading=\"lazy\" decoding=\"async\" class=\"alignnone wp-image-393 size-full\" src=\"https:\/\/www.rippa-machinery.com\/\/wp-content\/uploads\/2024\/10\/\u6b27\u4e94.jpg\" alt=\"\" width=\"56\" height=\"29\" \/><\/span><\/p>\n<p><b>Miniexcavadora Rippa R10-ECO: Lo \u00faltimo en potencia compacta para espacios reducidos<br \/>\n<\/b>Dise\u00f1ada para ofrecer la m\u00e1xima versatilidad en los espacios m\u00e1s reducidos, la Rippa R10-ECO es la miniexcavadora de 1 tonelada que ofrece potencia y agilidad all\u00ed donde las m\u00e1quinas m\u00e1s grandes no pueden llegar. Ideal para paisajistas, agricultores y proyectos de renovaci\u00f3n de interiores, la R10-ECO es su socio de confianza para hacer el trabajo de manera eficiente.<\/p>\n<p><span style=\"font-size: 14pt;\"><strong>Contrataci\u00f3n de agentes en todo el mundo:<\/strong><\/span><br \/>\n<span style=\"font-size: 14pt;\">ODM, OEM, personalizable<\/span><br \/>\n<span style=\"font-size: 14pt;\">Precios reducidos para pedidos al por mayor.<\/span><br \/>\n<span style=\"font-size: 14pt;\">Los fabricantes disponen de existencias y realizan entregas r\u00e1pidas.<\/span><br \/>\n<span style=\"font-size: 14pt;\">El personal de atenci\u00f3n al cliente est\u00e1 en l\u00ednea 24 horas al d\u00eda para prestar servicios.<\/span><br \/>\n<span style=\"font-size: 14pt;\">Rellene los datos, obtenga un presupuesto y convi\u00e9rtase en nuestro agente.<\/span><\/p>","protected":false},"featured_media":1440,"parent":0,"template":"","meta":{"_acf_changed":false,"_seopress_robots_primary_cat":"none","_seopress_titles_title":"cheapest mini excavator-rubber tracks for excavator","_seopress_titles_desc":"The R10-5 small excavator has become an ideal choice for export trade with its excellent performance, efficient hydraulic system, outstanding operating ability, reliable and durable design, comfortable operating experience, convenient maintainability and configuration that meets international standards.","_seopress_robots_index":""},"categoryproduct":[20],"class_list":["post-387","product","type-product","status-publish","has-post-thumbnail","hentry","categoryproduct-mini-excavator"],"acf":[],"_links":{"self":[{"href":"http:\/\/rippa-machinery.com\/es\/wp-json\/wp\/v2\/product\/387","targetHints":{"allow":["GET"]}}],"collection":[{"href":"http:\/\/rippa-machinery.com\/es\/wp-json\/wp\/v2\/product"}],"about":[{"href":"http:\/\/rippa-machinery.com\/es\/wp-json\/wp\/v2\/types\/product"}],"wp:featuredmedia":[{"embeddable":true,"href":"http:\/\/rippa-machinery.com\/es\/wp-json\/wp\/v2\/media\/1440"}],"wp:attachment":[{"href":"http:\/\/rippa-machinery.com\/es\/wp-json\/wp\/v2\/media?parent=387"}],"wp:term":[{"taxonomy":"categoryproduct","embeddable":true,"href":"http:\/\/rippa-machinery.com\/es\/wp-json\/wp\/v2\/categoryproduct?post=387"}],"curies":[{"name":"wp","href":"https:\/\/api.w.org\/{rel}","templated":true}]}}