
{"id":1429,"date":"2025-05-12T13:08:29","date_gmt":"2025-05-12T05:08:29","guid":{"rendered":"https:\/\/www.rippa-machinery.com\/?post_type=product&#038;p=1429"},"modified":"2025-09-05T10:01:14","modified_gmt":"2025-09-05T02:01:14","slug":"mini-excavator-r13","status":"publish","type":"product","link":"http:\/\/rippa-machinery.com\/es\/product\/mini-excavator-r13\/","title":{"rendered":"Miniexcavadora R13"},"content":{"rendered":"<p><img loading=\"lazy\" decoding=\"async\" class=\"alignnone size-full wp-image-1708\" src=\"https:\/\/www.rippa.com\/wp-content\/uploads\/2024\/09\/CE.jpg\" sizes=\"auto\" srcset=\"https:\/\/www.rippa.com\/wp-content\/uploads\/2024\/09\/CE.jpg 56w, https:\/\/www.rippa.com\/wp-content\/uploads\/2024\/09\/CE-18x9.jpg 18w\" alt=\"\" width=\"56\" height=\"29\" \/>\u00a0\u00a0<img loading=\"lazy\" decoding=\"async\" class=\"alignnone size-full wp-image-1709\" src=\"https:\/\/www.rippa.com\/wp-content\/uploads\/2024\/09\/EPA-4.jpg\" sizes=\"auto\" srcset=\"https:\/\/www.rippa.com\/wp-content\/uploads\/2024\/09\/EPA-4.jpg 56w, https:\/\/www.rippa.com\/wp-content\/uploads\/2024\/09\/EPA-4-18x9.jpg 18w\" alt=\"\" width=\"56\" height=\"29\" \/>\u00a0\u00a0<img loading=\"lazy\" decoding=\"async\" class=\"alignnone size-full wp-image-1710\" src=\"https:\/\/www.rippa.com\/wp-content\/uploads\/2024\/09\/%E6%AC%A7%E4%BA%94.jpg\" sizes=\"auto\" srcset=\"https:\/\/www.rippa.com\/wp-content\/uploads\/2024\/09\/\u6b27\u4e94.jpg 56w, https:\/\/www.rippa.com\/wp-content\/uploads\/2024\/09\/\u6b27\u4e94-18x9.jpg 18w\" alt=\"\" width=\"56\" height=\"29\" \/><\/p>\n<p>El R13\u00a0<span class=\"wp_keywordlink\"><a title=\"miniexcavadora\" href=\"https:\/\/www.rippa.com\/\" target=\"_blank\" rel=\"noopener\">miniexcavadora<\/a><\/span>Gracias a su rendimiento superior, su eficiente sistema hidr\u00e1ulico, sus extraordinarias capacidades operativas, su dise\u00f1o fiable y duradero, su c\u00f3modo manejo, su f\u00e1cil mantenimiento y sus configuraciones conformes con las normas internacionales, es una opci\u00f3n ideal para la exportaci\u00f3n.<\/p>\n<p><strong>Contrataci\u00f3n global de agentes:<\/strong><br \/>\nAdecuado para empresas\/comerciantes, empezando con una unidad para almacenes en el extranjero.<br \/>\nPersonalizado para proyectos de construcci\u00f3n, no disponible para venta al por menor.<br \/>\nInventario ubicado en un almac\u00e9n cercano, lo que garantiza una entrega r\u00e1pida y una amplia gama de accesorios.<br \/>\nEl servicio de atenci\u00f3n al cliente est\u00e1 disponible 24 horas al d\u00eda, 7 d\u00edas a la semana.<br \/>\nRellene sus datos, reciba un presupuesto y convi\u00e9rtase en nuestro agente.<\/p>","protected":false},"featured_media":1432,"parent":0,"template":"","meta":{"_acf_changed":false,"_seopress_robots_primary_cat":"none","_seopress_titles_title":"","_seopress_titles_desc":"","_seopress_robots_index":""},"categoryproduct":[20],"class_list":["post-1429","product","type-product","status-publish","has-post-thumbnail","hentry","categoryproduct-mini-excavator"],"acf":[],"_links":{"self":[{"href":"http:\/\/rippa-machinery.com\/es\/wp-json\/wp\/v2\/product\/1429","targetHints":{"allow":["GET"]}}],"collection":[{"href":"http:\/\/rippa-machinery.com\/es\/wp-json\/wp\/v2\/product"}],"about":[{"href":"http:\/\/rippa-machinery.com\/es\/wp-json\/wp\/v2\/types\/product"}],"wp:featuredmedia":[{"embeddable":true,"href":"http:\/\/rippa-machinery.com\/es\/wp-json\/wp\/v2\/media\/1432"}],"wp:attachment":[{"href":"http:\/\/rippa-machinery.com\/es\/wp-json\/wp\/v2\/media?parent=1429"}],"wp:term":[{"taxonomy":"categoryproduct","embeddable":true,"href":"http:\/\/rippa-machinery.com\/es\/wp-json\/wp\/v2\/categoryproduct?post=1429"}],"curies":[{"name":"wp","href":"https:\/\/api.w.org\/{rel}","templated":true}]}}