
{"id":1316,"date":"2025-04-29T14:24:22","date_gmt":"2025-04-29T06:24:22","guid":{"rendered":"https:https:\/\/www.rippa-machinery.com\/\/?post_type=product&#038;p=1316"},"modified":"2025-05-11T14:42:43","modified_gmt":"2025-05-11T06:42:43","slug":"r520-large-excavator","status":"publish","type":"product","link":"http:\/\/rippa-machinery.com\/es\/product\/r520-large-excavator\/","title":{"rendered":"Excavadora grande R520"},"content":{"rendered":"<p>La excavadora grande Rippa R520 tiene ventajas competitivas significativas en el mercado de excavadoras con sus principales puntos de venta como alta eficiencia y ahorro de energ\u00eda, control inteligente, confiable y duradera, c\u00f3moda y conveniente, f\u00e1cil mantenimiento, segura y confiable, y perfecto servicio post-venta.<\/p>\n<p><strong>Sinceramente reclutar agentes globales:<\/strong><br \/>\nODM, OEM, personalizable<br \/>\nLos pedidos al por mayor pueden disfrutar de descuentos.<br \/>\nEl fabricante dispone de existencias y realiza entregas r\u00e1pidas.<br \/>\nEl personal de atenci\u00f3n al cliente presta servicios en l\u00ednea las 24 horas del d\u00eda.<br \/>\nRellene los datos, obtenga un presupuesto y convi\u00e9rtase en nuestro agente.<\/p>\n<p><img decoding=\"async\" class=\"img-fluid\" src=\"https:\/\/www.rippa.com\/wp-content\/uploads\/2025\/01\/%E6%9C%AA%E6%A0%87%E9%A2%98-5.jpg\" alt=\"Chinese Mini Excavator-Loader-Rippa Forklift-Rippa Group\" \/><\/p>","protected":false},"featured_media":1320,"parent":0,"template":"","meta":{"_acf_changed":false,"_seopress_robots_primary_cat":"none","_seopress_titles_title":"","_seopress_titles_desc":"","_seopress_robots_index":""},"categoryproduct":[21],"class_list":["post-1316","product","type-product","status-publish","has-post-thumbnail","hentry","categoryproduct-large-excavator"],"acf":[],"_links":{"self":[{"href":"http:\/\/rippa-machinery.com\/es\/wp-json\/wp\/v2\/product\/1316","targetHints":{"allow":["GET"]}}],"collection":[{"href":"http:\/\/rippa-machinery.com\/es\/wp-json\/wp\/v2\/product"}],"about":[{"href":"http:\/\/rippa-machinery.com\/es\/wp-json\/wp\/v2\/types\/product"}],"wp:featuredmedia":[{"embeddable":true,"href":"http:\/\/rippa-machinery.com\/es\/wp-json\/wp\/v2\/media\/1320"}],"wp:attachment":[{"href":"http:\/\/rippa-machinery.com\/es\/wp-json\/wp\/v2\/media?parent=1316"}],"wp:term":[{"taxonomy":"categoryproduct","embeddable":true,"href":"http:\/\/rippa-machinery.com\/es\/wp-json\/wp\/v2\/categoryproduct?post=1316"}],"curies":[{"name":"wp","href":"https:\/\/api.w.org\/{rel}","templated":true}]}}