
{"id":1264,"date":"2025-05-11T14:25:22","date_gmt":"2025-05-11T06:25:22","guid":{"rendered":"https:https:\/\/www.rippa-machinery.com\/\/?post_type=product&#038;p=1264"},"modified":"2025-05-11T14:49:40","modified_gmt":"2025-05-11T06:49:40","slug":"backhoe-loader-rb25","status":"publish","type":"product","link":"http:\/\/rippa-machinery.com\/es\/product\/backhoe-loader-rb25\/","title":{"rendered":"Retroexcavadora RB25"},"content":{"rendered":"<p><img loading=\"lazy\" decoding=\"async\" class=\"alignnone size-full wp-image-1708\" src=\"https:\/\/www.rippa.com\/wp-content\/uploads\/2024\/09\/CE.jpg\" sizes=\"auto, (max-width: 56px) 100vw, 56px\" srcset=\"https:\/\/www.rippa.com\/wp-content\/uploads\/2024\/09\/CE.jpg 56w, https:\/\/www.rippa.com\/wp-content\/uploads\/2024\/09\/CE-18x9.jpg 18w\" alt=\"\" width=\"56\" height=\"29\" \/>\u00a0\u00a0<img loading=\"lazy\" decoding=\"async\" class=\"alignnone size-full wp-image-1709\" src=\"https:\/\/www.rippa.com\/wp-content\/uploads\/2024\/09\/EPA-4.jpg\" sizes=\"auto, (max-width: 56px) 100vw, 56px\" srcset=\"https:\/\/www.rippa.com\/wp-content\/uploads\/2024\/09\/EPA-4.jpg 56w, https:\/\/www.rippa.com\/wp-content\/uploads\/2024\/09\/EPA-4-18x9.jpg 18w\" alt=\"\" width=\"56\" height=\"29\" \/>\u00a0\u00a0<img loading=\"lazy\" decoding=\"async\" class=\"alignnone size-full wp-image-1710\" src=\"https:\/\/www.rippa.com\/wp-content\/uploads\/2024\/09\/%E6%AC%A7%E4%BA%94.jpg\" sizes=\"auto, (max-width: 56px) 100vw, 56px\" srcset=\"https:\/\/www.rippa.com\/wp-content\/uploads\/2024\/09\/\u6b27\u4e94.jpg 56w, https:\/\/www.rippa.com\/wp-content\/uploads\/2024\/09\/\u6b27\u4e94-18x9.jpg 18w\" alt=\"\" width=\"56\" height=\"29\" \/><\/p>\n<p>La amplia aplicabilidad y configuraci\u00f3n mec\u00e1nica de gran alcance de la m\u00e1quina retroexcavadora RB25 de hecho han ganado mucho amor en el mercado internacional. La experiencia de conducci\u00f3n c\u00f3moda, dise\u00f1o de control optimizado, y optimizaci\u00f3n de bajo consumo de combustible y alta durabilidad tambi\u00e9n han aumentado su competitividad en el mercado mundial. Especialmente en el mercado extranjero, con la mejora continua de la protecci\u00f3n del medio ambiente y los requisitos de operaci\u00f3n eficiente, la RB25 sin duda cumple con estos requisitos y aumenta la influencia de la marca Ripa.<\/p>\n<p>Reclutamos sinceramente agentes globales:<br \/>\nODM, OEM, venta al por mayor<br \/>\nLos pedidos pueden disfrutar de precios rebajados.<br \/>\nEl fabricante dispone de existencias y entrega r\u00e1pida.<br \/>\nEl personal de atenci\u00f3n al cliente presta servicios en l\u00ednea las 24 horas del d\u00eda.<br \/>\nRellene los datos, obtenga un presupuesto y convi\u00e9rtase en nuestro agente.<\/p>\n<p>&nbsp;<\/p>\n<p><img decoding=\"async\" class=\"img-fluid\" src=\"https:\/\/www.rippa.com\/wp-content\/uploads\/2025\/01\/%E6%9C%AA%E6%A0%87%E9%A2%98-5.jpg\" alt=\"Chinese Mini Excavator-Loader-Rippa Forklift-Rippa Group\" \/><\/p>","protected":false},"featured_media":1267,"parent":0,"template":"","meta":{"_acf_changed":false,"_seopress_robots_primary_cat":"none","_seopress_titles_title":"","_seopress_titles_desc":"","_seopress_robots_index":""},"categoryproduct":[24],"class_list":["post-1264","product","type-product","status-publish","has-post-thumbnail","hentry","categoryproduct-backhoe-loader"],"acf":[],"_links":{"self":[{"href":"http:\/\/rippa-machinery.com\/es\/wp-json\/wp\/v2\/product\/1264","targetHints":{"allow":["GET"]}}],"collection":[{"href":"http:\/\/rippa-machinery.com\/es\/wp-json\/wp\/v2\/product"}],"about":[{"href":"http:\/\/rippa-machinery.com\/es\/wp-json\/wp\/v2\/types\/product"}],"wp:featuredmedia":[{"embeddable":true,"href":"http:\/\/rippa-machinery.com\/es\/wp-json\/wp\/v2\/media\/1267"}],"wp:attachment":[{"href":"http:\/\/rippa-machinery.com\/es\/wp-json\/wp\/v2\/media?parent=1264"}],"wp:term":[{"taxonomy":"categoryproduct","embeddable":true,"href":"http:\/\/rippa-machinery.com\/es\/wp-json\/wp\/v2\/categoryproduct?post=1264"}],"curies":[{"name":"wp","href":"https:\/\/api.w.org\/{rel}","templated":true}]}}