
{"id":1254,"date":"2025-05-01T14:20:11","date_gmt":"2025-05-01T06:20:11","guid":{"rendered":"https:https:\/\/www.rippa-machinery.com\/\/?post_type=product&#038;p=1254"},"modified":"2025-05-11T14:42:14","modified_gmt":"2025-05-11T06:42:14","slug":"r420-large-excavator","status":"publish","type":"product","link":"http:\/\/rippa-machinery.com\/es\/product\/r420-large-excavator\/","title":{"rendered":"Excavadora grande R420"},"content":{"rendered":"<p>La excavadora grande R420 tiene amplias ventajas en potencia, ahorro de energ\u00eda, control, durabilidad, comodidad, mantenimiento y servicio post-venta, y es la mejor opci\u00f3n para el comercio de exportaci\u00f3n.<\/p>\n<p>Reclutamos sinceramente agentes globales:<br \/>\nODM, OEM, personalizable<br \/>\nDescuentos para pedidos al por mayor.<br \/>\nEl fabricante dispone de existencias y realiza entregas r\u00e1pidas.<br \/>\nEl personal del servicio de atenci\u00f3n al cliente est\u00e1 en l\u00ednea las 24 horas del d\u00eda.<br \/>\nRellene sus datos, obtenga un presupuesto y convi\u00e9rtase en nuestro agente.<\/p>\n<p><img decoding=\"async\" class=\"img-fluid\" src=\"https:\/\/www.rippa.com\/wp-content\/uploads\/2025\/01\/%E6%9C%AA%E6%A0%87%E9%A2%98-5.jpg\" alt=\"Chinese Mini Excavator-Loader-Rippa Forklift-Rippa Group\" \/><\/p>","protected":false},"featured_media":1257,"parent":0,"template":"","meta":{"_acf_changed":false,"_seopress_robots_primary_cat":"none","_seopress_titles_title":"","_seopress_titles_desc":"","_seopress_robots_index":""},"categoryproduct":[21],"class_list":["post-1254","product","type-product","status-publish","has-post-thumbnail","hentry","categoryproduct-large-excavator"],"acf":[],"_links":{"self":[{"href":"http:\/\/rippa-machinery.com\/es\/wp-json\/wp\/v2\/product\/1254","targetHints":{"allow":["GET"]}}],"collection":[{"href":"http:\/\/rippa-machinery.com\/es\/wp-json\/wp\/v2\/product"}],"about":[{"href":"http:\/\/rippa-machinery.com\/es\/wp-json\/wp\/v2\/types\/product"}],"wp:featuredmedia":[{"embeddable":true,"href":"http:\/\/rippa-machinery.com\/es\/wp-json\/wp\/v2\/media\/1257"}],"wp:attachment":[{"href":"http:\/\/rippa-machinery.com\/es\/wp-json\/wp\/v2\/media?parent=1254"}],"wp:term":[{"taxonomy":"categoryproduct","embeddable":true,"href":"http:\/\/rippa-machinery.com\/es\/wp-json\/wp\/v2\/categoryproduct?post=1254"}],"curies":[{"name":"wp","href":"https:\/\/api.w.org\/{rel}","templated":true}]}}