
{"id":1235,"date":"2025-05-02T14:04:30","date_gmt":"2025-05-02T06:04:30","guid":{"rendered":"https:https:\/\/www.rippa-machinery.com\/\/?post_type=product&#038;p=1235"},"modified":"2025-05-11T14:41:44","modified_gmt":"2025-05-11T06:41:44","slug":"r320-large-excavator","status":"publish","type":"product","link":"http:\/\/rippa-machinery.com\/es\/product\/r320-large-excavator\/","title":{"rendered":"Excavadora grande R320"},"content":{"rendered":"<p>La excavadora grande R320 tiene una fuerte competitividad en el mercado de excavadoras con sus puntos de venta principales como sistema de potencia eficiente, ahorro de energ\u00eda y reducci\u00f3n de consumo, control inteligente, durabilidad y confiabilidad, dise\u00f1o humanizado, mantenimiento conveniente, soporte de servicio perfecto, configuraci\u00f3n y opciones mejoradas, protecci\u00f3n ambiental verde, etc., y es muy adecuada para el comercio de exportaci\u00f3n.<\/p>\n<p><strong>Sinceramente reclutar agentes globales:<\/strong><br \/>\nODM, OEM, personalizable<br \/>\nLos pedidos al por mayor pueden disfrutar de precios rebajados.<br \/>\nEl fabricante dispone de existencias y entrega r\u00e1pida.<br \/>\nEl personal de atenci\u00f3n al cliente presta servicios en l\u00ednea las 24 horas del d\u00eda.<br \/>\nRellene los datos, obtenga un presupuesto y convi\u00e9rtase en nuestro agente.<\/p>\n<p><img decoding=\"async\" class=\"img-fluid\" src=\"https:\/\/www.rippa.com\/wp-content\/uploads\/2025\/01\/%E6%9C%AA%E6%A0%87%E9%A2%98-5.jpg\" alt=\"Chinese Mini Excavator-Loader-Rippa Forklift-Rippa Group\" \/><\/p>","protected":false},"featured_media":1239,"parent":0,"template":"","meta":{"_acf_changed":false,"_seopress_robots_primary_cat":"none","_seopress_titles_title":"","_seopress_titles_desc":"","_seopress_robots_index":""},"categoryproduct":[21],"class_list":["post-1235","product","type-product","status-publish","has-post-thumbnail","hentry","categoryproduct-large-excavator"],"acf":[],"_links":{"self":[{"href":"http:\/\/rippa-machinery.com\/es\/wp-json\/wp\/v2\/product\/1235","targetHints":{"allow":["GET"]}}],"collection":[{"href":"http:\/\/rippa-machinery.com\/es\/wp-json\/wp\/v2\/product"}],"about":[{"href":"http:\/\/rippa-machinery.com\/es\/wp-json\/wp\/v2\/types\/product"}],"wp:featuredmedia":[{"embeddable":true,"href":"http:\/\/rippa-machinery.com\/es\/wp-json\/wp\/v2\/media\/1239"}],"wp:attachment":[{"href":"http:\/\/rippa-machinery.com\/es\/wp-json\/wp\/v2\/media?parent=1235"}],"wp:term":[{"taxonomy":"categoryproduct","embeddable":true,"href":"http:\/\/rippa-machinery.com\/es\/wp-json\/wp\/v2\/categoryproduct?post=1235"}],"curies":[{"name":"wp","href":"https:\/\/api.w.org\/{rel}","templated":true}]}}