
{"id":1210,"date":"2025-05-05T14:00:39","date_gmt":"2025-05-05T06:00:39","guid":{"rendered":"https:https:\/\/www.rippa-machinery.com\/\/?post_type=product&#038;p=1210"},"modified":"2025-05-11T14:40:29","modified_gmt":"2025-05-11T06:40:29","slug":"r230-large-excavator","status":"publish","type":"product","link":"http:\/\/rippa-machinery.com\/es\/product\/r230-large-excavator\/","title":{"rendered":"R230 Excavadora grande"},"content":{"rendered":"<p>Las ventajas de la gran excavadora R230 en t\u00e9rminos de rendimiento de potencia, eficiencia de producci\u00f3n, durabilidad de calidad, comodidad de operaci\u00f3n, conveniencia de mantenimiento y soporte de servicio posventa ayudar\u00e1n a atraer la atenci\u00f3n de los clientes potenciales para el comercio de exportaci\u00f3n.<\/p>\n<p><strong>Contrataci\u00f3n de agentes globales:<\/strong><br \/>\nODM, OEM, venta al por mayor<br \/>\nLos pedidos pueden disfrutar de precios rebajados.<br \/>\nEl fabricante dispone de existencias y entrega r\u00e1pida.<br \/>\nEl personal de atenci\u00f3n al cliente presta servicios en l\u00ednea las 24 horas del d\u00eda.<br \/>\nRellene los datos, obtenga un presupuesto y convi\u00e9rtase en nuestro agente.<\/p>\n<p><img decoding=\"async\" class=\"img-fluid\" src=\"https:\/\/www.rippa.com\/wp-content\/uploads\/2025\/01\/%E6%9C%AA%E6%A0%87%E9%A2%98-5.jpg\" alt=\"Chinese Mini Excavator-Loader-Rippa Forklift-Rippa Group\" \/><\/p>","protected":false},"featured_media":1213,"parent":0,"template":"","meta":{"_acf_changed":false,"_seopress_robots_primary_cat":"none","_seopress_titles_title":"","_seopress_titles_desc":"","_seopress_robots_index":""},"categoryproduct":[21],"class_list":["post-1210","product","type-product","status-publish","has-post-thumbnail","hentry","categoryproduct-large-excavator"],"acf":[],"_links":{"self":[{"href":"http:\/\/rippa-machinery.com\/es\/wp-json\/wp\/v2\/product\/1210","targetHints":{"allow":["GET"]}}],"collection":[{"href":"http:\/\/rippa-machinery.com\/es\/wp-json\/wp\/v2\/product"}],"about":[{"href":"http:\/\/rippa-machinery.com\/es\/wp-json\/wp\/v2\/types\/product"}],"wp:featuredmedia":[{"embeddable":true,"href":"http:\/\/rippa-machinery.com\/es\/wp-json\/wp\/v2\/media\/1213"}],"wp:attachment":[{"href":"http:\/\/rippa-machinery.com\/es\/wp-json\/wp\/v2\/media?parent=1210"}],"wp:term":[{"taxonomy":"categoryproduct","embeddable":true,"href":"http:\/\/rippa-machinery.com\/es\/wp-json\/wp\/v2\/categoryproduct?post=1210"}],"curies":[{"name":"wp","href":"https:\/\/api.w.org\/{rel}","templated":true}]}}