
{"id":1197,"date":"2025-05-06T13:54:29","date_gmt":"2025-05-06T05:54:29","guid":{"rendered":"https:https:\/\/www.rippa-machinery.com\/\/?post_type=product&#038;p=1197"},"modified":"2025-05-11T14:39:40","modified_gmt":"2025-05-11T06:39:40","slug":"r150-large-excavator","status":"publish","type":"product","link":"http:\/\/rippa-machinery.com\/es\/product\/r150-large-excavator\/","title":{"rendered":"Excavadora grande R150"},"content":{"rendered":"<p><img loading=\"lazy\" decoding=\"async\" class=\"alignnone size-full wp-image-1710\" src=\"https:\/\/www.rippa.com\/wp-content\/uploads\/2024\/09\/%E6%AC%A7%E4%BA%94.jpg\" sizes=\"auto, (max-width: 56px) 100vw, 56px\" srcset=\"https:\/\/www.rippa.com\/wp-content\/uploads\/2024\/09\/\u6b27\u4e94.jpg 56w, https:\/\/www.rippa.com\/wp-content\/uploads\/2024\/09\/\u6b27\u4e94-18x9.jpg 18w\" alt=\"\" width=\"56\" height=\"29\" \/><\/p>\n<p>La excavadora grande Rippa R150 se ha convertido en un l\u00edder en el mercado de excavadoras con su potente sistema de potencia, eficiente sistema hidr\u00e1ulico, dise\u00f1o estructural robusto y duradero, c\u00f3modo entorno de conducci\u00f3n, amplia gama de aplicaciones y rendimiento de emisiones respetuosas con el medio ambiente, satisfaciendo las diversas necesidades de diferentes clientes.<\/p>\n<p><strong>Contrataci\u00f3n de agentes globales:<\/strong><br \/>\nODM, OEM, venta al por mayor<br \/>\nLos pedidos pueden disfrutar de descuentos.<br \/>\nEl fabricante dispone de existencias y entrega r\u00e1pida.<br \/>\nEl personal de atenci\u00f3n al cliente presta servicios en l\u00ednea las 24 horas del d\u00eda.<br \/>\nRellene los datos, obtenga un presupuesto y convi\u00e9rtase en nuestro agente.<\/p>\n<p><img decoding=\"async\" class=\"img-fluid\" src=\"https:\/\/www.rippa.com\/wp-content\/uploads\/2025\/01\/%E6%9C%AA%E6%A0%87%E9%A2%98-5.jpg\" alt=\"Chinese Mini Excavator-Loader-Rippa Forklift-Rippa Group\" \/><\/p>","protected":false},"featured_media":1201,"parent":0,"template":"","meta":{"_acf_changed":false,"_seopress_robots_primary_cat":"none","_seopress_titles_title":"","_seopress_titles_desc":"","_seopress_robots_index":""},"categoryproduct":[21],"class_list":["post-1197","product","type-product","status-publish","has-post-thumbnail","hentry","categoryproduct-large-excavator"],"acf":[],"_links":{"self":[{"href":"http:\/\/rippa-machinery.com\/es\/wp-json\/wp\/v2\/product\/1197","targetHints":{"allow":["GET"]}}],"collection":[{"href":"http:\/\/rippa-machinery.com\/es\/wp-json\/wp\/v2\/product"}],"about":[{"href":"http:\/\/rippa-machinery.com\/es\/wp-json\/wp\/v2\/types\/product"}],"wp:featuredmedia":[{"embeddable":true,"href":"http:\/\/rippa-machinery.com\/es\/wp-json\/wp\/v2\/media\/1201"}],"wp:attachment":[{"href":"http:\/\/rippa-machinery.com\/es\/wp-json\/wp\/v2\/media?parent=1197"}],"wp:term":[{"taxonomy":"categoryproduct","embeddable":true,"href":"http:\/\/rippa-machinery.com\/es\/wp-json\/wp\/v2\/categoryproduct?post=1197"}],"curies":[{"name":"wp","href":"https:\/\/api.w.org\/{rel}","templated":true}]}}