
{"id":1166,"date":"2025-05-11T14:56:11","date_gmt":"2025-05-11T06:56:11","guid":{"rendered":"https:https:\/\/www.rippa-machinery.com\/\/?post_type=product&#038;p=1166"},"modified":"2025-05-11T14:46:58","modified_gmt":"2025-05-11T06:46:58","slug":"rl20-wheel-loader","status":"publish","type":"product","link":"http:\/\/rippa-machinery.com\/es\/product\/rl20-wheel-loader\/","title":{"rendered":"Cargadora de ruedas RL20"},"content":{"rendered":"<p>Con sus principales puntos de venta como alta eficiencia, bajo consumo de combustible, potencia fuerte, f\u00e1cil operaci\u00f3n y mantenimiento, robustez, dise\u00f1o humanizado, y accesorios ricos, el cargador RL20 tiene una ventaja significativa en el mercado de cargadores y es una opci\u00f3n ideal para el comercio de exportaci\u00f3n.<\/p>\n<p><strong>Reclutamos sinceramente agentes globales:<\/strong><br \/>\nODM, OEM, personalizable<br \/>\nDescuentos para pedidos al por mayor.<br \/>\nEl fabricante dispone de existencias y realiza entregas r\u00e1pidas.<br \/>\nEl personal del servicio de atenci\u00f3n al cliente est\u00e1 en l\u00ednea las 24 horas del d\u00eda.<br \/>\nRellene sus datos, obtenga un presupuesto y convi\u00e9rtase en nuestro agente.<\/p>\n<p><img decoding=\"async\" class=\"img-fluid\" src=\"https:\/\/www.rippa.com\/wp-content\/uploads\/2025\/01\/%E6%9C%AA%E6%A0%87%E9%A2%98-5.jpg\" alt=\"Chinese Mini Excavator-Loader-Rippa Forklift-Rippa Group\" \/><\/p>","protected":false},"featured_media":1315,"parent":0,"template":"","meta":{"_acf_changed":false,"_seopress_robots_primary_cat":"none","_seopress_titles_title":"","_seopress_titles_desc":"","_seopress_robots_index":""},"categoryproduct":[23],"class_list":["post-1166","product","type-product","status-publish","has-post-thumbnail","hentry","categoryproduct-wheel-loader"],"acf":[],"_links":{"self":[{"href":"http:\/\/rippa-machinery.com\/es\/wp-json\/wp\/v2\/product\/1166","targetHints":{"allow":["GET"]}}],"collection":[{"href":"http:\/\/rippa-machinery.com\/es\/wp-json\/wp\/v2\/product"}],"about":[{"href":"http:\/\/rippa-machinery.com\/es\/wp-json\/wp\/v2\/types\/product"}],"wp:featuredmedia":[{"embeddable":true,"href":"http:\/\/rippa-machinery.com\/es\/wp-json\/wp\/v2\/media\/1315"}],"wp:attachment":[{"href":"http:\/\/rippa-machinery.com\/es\/wp-json\/wp\/v2\/media?parent=1166"}],"wp:term":[{"taxonomy":"categoryproduct","embeddable":true,"href":"http:\/\/rippa-machinery.com\/es\/wp-json\/wp\/v2\/categoryproduct?post=1166"}],"curies":[{"name":"wp","href":"https:\/\/api.w.org\/{rel}","templated":true}]}}